{"id":1437,"date":"2019-04-24T11:19:15","date_gmt":"2019-04-24T09:19:15","guid":{"rendered":"http:\/\/www.cluster-zukunft-der-pflege.de\/?page_id=1437"},"modified":"2026-03-20T12:51:08","modified_gmt":"2026-03-20T10:51:08","slug":"datenschutzerklaerung","status":"publish","type":"page","link":"https:\/\/www.cluster-zukunft-der-pflege.de\/index.php\/datenschutzerklaerung\/","title":{"rendered":"DATENSCHUTZ"},"content":{"rendered":"<div class=\"fusion-fullwidth fullwidth-box fusion-builder-row-1 nonhundred-percent-fullwidth non-hundred-percent-height-scrolling\" style=\"--awb-border-radius-top-left:0px;--awb-border-radius-top-right:0px;--awb-border-radius-bottom-right:0px;--awb-border-radius-bottom-left:0px;--awb-flex-wrap:wrap;\" ><div class=\"fusion-builder-row fusion-row\"><div class=\"fusion-layout-column fusion_builder_column fusion-builder-column-0 fusion_builder_column_1_1 1_1 fusion-one-full fusion-column-first fusion-column-last\" style=\"--awb-bg-size:cover;--awb-margin-bottom:0px;\"><div class=\"fusion-column-wrapper fusion-flex-column-wrapper-legacy\"><div class=\"fusion-text fusion-text-1\"><div id=\"c151\" class=\"frame default\">\n<h2 data-fontsize=\"40\" data-lineheight=\"52\">Datenschutzerkl\u00e4rung<\/h2>\n<p>Wir nehmen den Schutz Ihrer pers\u00f6nlichen Daten sehr ernst. Ihre Daten werden im Rahmen der gesetzlichen Vorschriften gesch\u00fctzt. Personenbezogene Daten werden auf unseren Internetseiten nur im notwendigen Umfang erhoben. In keinem Fall werden die erhobenen Daten verkauft oder aus anderen Gr\u00fcnden an Dritte weitergegeben.<\/p>\n<h3 data-fontsize=\"32\" data-lineheight=\"44\">Verantwortlicher<\/h3>\n<p>Verantwortlich f\u00fcr die hier erl\u00e4uterte Datenverarbeitung ist der OFFIS e.V., Escherweg 2, 26121 Oldenburg.<\/p>\n<\/div>\n<div id=\"c152\" class=\"frame default\">\n<h3 class=\"\" data-fontsize=\"32\" data-lineheight=\"44\">Erhebung und Verarbeitung von Daten<\/h3>\n<p>Jeder Zugriff auf eine unserer Internetseiten und jeder Abruf einer auf den Internetseiten hinterlegten Datei werden von g\u00e4ngigen Webserver-Log-Dateien protokolliert. Die Speicherung dient internen systembezogenen und statistischen Zwecken. Protokolliert wird u.a.:<\/p>\n<ul>\n<li>welche Datei angefordert wurde,<\/li>\n<li>der Name der Datei,<\/li>\n<li>das Datum und die Uhrzeit der Anforderung,<\/li>\n<li>die \u00fcbertragene Datenmenge,<\/li>\n<li>der Zugriffsstatus (Datei nicht gefunden, Datei \u00fcbertragen etc.),<\/li>\n<li>der Typ des verwendeten Webbrowsers und<\/li>\n<li>die IP-Adresse des Internetseitenbesuchers<\/li>\n<\/ul>\n<p>S\u00e4mtliche dieser Daten werden ausschlie\u00dflich anonymisiert gespeichert und ausgewertet. Zu diesem Zweck wird die IP-Adresse des Systems, von dem aus die Internetseite oder Datei angefordert wurde, geeignet anonymisiert. Rechtsgrundlage ist Art. 6 Abs. 1 lit. f DSGVO (Datenschutz-Grundverordnung). Es ist somit weder ein R\u00fcckschluss auf eine bestimmte Person m\u00f6glich, noch erfolgt eine Zusammenf\u00fchrung mit anderen Daten.<\/p>\n<h3>Erforderliche Cookies<\/h3>\n<p>Cookies sind kleine Textdateien, die auf Ihrem Endger\u00e4t gespeichert und ausgelesen werden k\u00f6nnen. Man unterscheidet zwischen Session-Cookies, die wieder gel\u00f6scht werden, sobald Sie ihren Browser schlie\u00dfen und permanenten Cookies, die \u00fcber die einzelne Sitzung hinaus gespeichert werden.<\/p>\n<p>Wir nutzen diese erforderlichen Cookies nicht f\u00fcr Analyse-, Tracking- oder Werbezwecke.<\/p>\n<p>Teilweise enthalten diese Cookies lediglich Informationen zu bestimmten Einstellungen und sind nicht personenbeziehbar. Sie k\u00f6nnen auch notwendig sein, um die Benutzerf\u00fchrung, Sicherheit und Umsetzung der Seite zu erm\u00f6glichen.<\/p>\n<p>Wir nutzen diese Cookies auf Grundlage von Art. 6 Abs. 1 lit. f DSGVO und in dem Interesse die Benutzerf\u00fchrung zu optimieren bzw. zu erm\u00f6glichen und die Darstellung unserer Webseite anzupassen.<\/p>\n<p><strong>Sie k\u00f6nnen Ihren Browser so einstellen, dass er Sie \u00fcber die Platzierung von Cookies informiert. So wird der Gebrauch von Cookies f\u00fcr Sie transparent. Sie k\u00f6nnen Cookies zudem jederzeit \u00fcber die entsprechende Browsereinstellung l\u00f6schen und das Setzen neuer Cookies verhindern. Bitte beachten Sie, dass unsere Webseiten dann ggf. nicht angezeigt werden k\u00f6nnen und einige Funktionen technisch nicht mehr zur Verf\u00fcgung stehen.<\/strong><\/p>\n<\/div>\n<div id=\"c154\" class=\"frame default\">\n<h3 class=\"\" data-fontsize=\"32\" data-lineheight=\"44\">Datensicherheit<\/h3>\n<p>Um Ihre Daten vor unerw\u00fcnschten Zugriffen m\u00f6glichst umfassend zu sch\u00fctzen, treffen wir technische und organisatorische Ma\u00dfnahmen. Wir setzen auf unseren Seiten ein Verschl\u00fcsselungsverfahren ein. Ihre Angaben werden von Ihrem Rechner zu unserem Server und umgekehrt \u00fcber das Internet mittels einer TLS-Verschl\u00fcsselung \u00fcbertragen. Sie erkennen dies daran, dass in der Statusleiste Ihres Browsers das Schloss-Symbol geschlossen ist und die Adresszeile mit https:\/\/ beginnt.<\/p>\n<p>Bitte beachten Sie, dass au\u00dferhalb der vorgenannten Rahmenbedingungen, insbesondere bei der Kommunikation per E-Mail die vollst\u00e4ndige Datensicherheit von uns naturgem\u00e4\u00df nicht gew\u00e4hrleistet werden kann.<\/p>\n<\/div>\n<div id=\"c156\" class=\"frame default\">\n<h3 class=\"\" data-fontsize=\"32\" data-lineheight=\"44\">Verwendung der Daten<\/h3>\n<p>Wir beachten den Grundsatz der zweckgebundenen Datenverwendung und erheben, verarbeiten und speichern Ihre personenbezogenen Daten nur f\u00fcr die Zwecke, f\u00fcr welche Sie uns diese mitgeteilt haben und f\u00fcr die technische Administration. Eine Weitergabe Ihrer pers\u00f6nlichen Daten an Dritte erfolgt ohne Ihre ausdr\u00fcckliche Einwilligung nicht, sofern dies nicht zur Erbringung der Dienstleistung oder zur Vertragsdurchf\u00fchrung notwendig ist. Auch die \u00dcbermittlung an auskunftsberechtigte staatliche Institution und Beh\u00f6rden erfolgt nur im Rahmen der gesetzlichen Auskunftspflichten oder wenn wir durch eine gerichtliche Entscheidung zur Auskunft verpflichtet werden.<\/p>\n<h3>Kontaktformular<\/h3>\n<p>Wir suchen Praxiseinrichtungen aus der Pflege, die mit dem Forschungscluster Zukunft der Pflege 2.0 kooperieren m\u00f6chten. F\u00fcr interessierte Praxiseinrichtungen haben wir ein Kontaktformular eingerichtet. \u00a0Die dort erhobenen Daten \u2013 Name und E-Mailadresse der Kontaktperson sowie Informationen \u00fcber die Praxiseinrichtung \u2013 werden ausschlie\u00dflich genutzt, um mit Ihnen in Kontakt zu treten, Ihnen weitere Informationen zum Forschungscluster zukommen zu lassen, Details einer m\u00f6glichen Kooperation zu kl\u00e4ren sowie die \u00a0\u00a0Praxiseinrichtungen zur Teilnahme auszuw\u00e4hlen. Die Verarbeitung erfolgt aufgrund Ihrer ausdr\u00fccklichen Einwilligung, Art 6 Abs. 1 lit. a DSGVO.<\/p>\n<p>Daf\u00fcr werden die Daten auf unseren Servern gespeichert und unserem Partner Medizinische Hochschule Hannover (MHH), Dr. Regina Schmeer, Carl-Neuberg-Str. 1, 30625 Hannover Zugriff gew\u00e4hrt. Die MHH wird federf\u00fchrend die Kommunikation mit Ihnen f\u00fchren sowie das Auswahlverfahren leiten. Im Rahmen des Auswahlverfahrens wird es erforderlich sein, Ihre Daten mit den weiteren Partnern des Forschungscluster Zukunft Pflege 2.0 zu teilen. Eine Liste der Partner finden Sie <a href=\"https:\/\/www.cluster-zukunft-der-pflege.de\/index.php\/partner\/\">hier<\/a>. Zwischen den Partner wurde eine Vereinbarung \u00fcber die gemeinsame Verantwortung gem\u00e4\u00df Art. 26 DSGVO geschlossen, welche die Pflichten der einzelnen Partner festgelegt.<\/p>\n<h3>Einbindung Sozialer Medien<\/h3>\n<h4>Einbettung von YouTube Videos<\/h4>\n<p>Auf unserer Webseite sind Videos der Plattform YouTube eingebettet. YouTube ist ein Dienst der Google Ireland Limited, Gordon House, Barrow Street, Dublin 4, Ireland. Die Videos sind in Form der 2-Klick-L\u00f6sung eingebunden, d.h. Sie m\u00fcssen in einem ersten Schritt (1. Klick) das Video aktivieren, wodurch Google erm\u00f6glicht wird, Cookies auf Ihrem Endger\u00e4t zu speichern, bevor Sie das Video starten k\u00f6nnen (2. Klick). Mit der Aktivierung werden personenbezogene Daten an Google \u00fcbertragen. So bestimmen Sie, ob Ihre Daten \u00fcbertragen werden. Eine Daten\u00fcbertragung erfolgt unter Umst\u00e4nden auch in ein Drittland. Welche Daten genau erhoben und verarbeitet werden und ob die Daten in die USA oder andere Drittl\u00e4nder \u00fcbertragen werden, entnehmen Sie bitte der Datenschutzerkl\u00e4rung von YouTube\/Google: <a href=\"https:\/\/policies.google.com\/privacy?hl=de\">https:\/\/policies.google.com\/privacy?hl=de<\/a><\/p>\n<\/div>\n<div id=\"c157\" class=\"frame default\">\n<h3 class=\"\" data-fontsize=\"32\" data-lineheight=\"44\">L\u00f6schung der Daten<\/h3>\n<p>Eine L\u00f6schung der gespeicherten personenbezogenen Daten erfolgt, wenn Sie Ihre Einwilligung zur Speicherung widerrufen, wenn deren Kenntnis zur Erf\u00fcllung des mit der Speicherung verfolgten Zwecks nicht mehr erforderlich ist oder wenn deren Speicherung aus sonstigen gesetzlichen Gr\u00fcnden unzul\u00e4ssig ist.<\/p>\n<\/div>\n<div id=\"c158\" class=\"frame default\">\n<h3 class=\"\" data-fontsize=\"32\" data-lineheight=\"44\">Ihre Rechte als Nutzer<\/h3>\n<p>Bei Verarbeitung Ihrer personenbezogenen Daten gew\u00e4hrt die DSGVO Ihnen als Webseitennutzer bestimmte Rechte:<\/p>\n<ol>\n<li>Auskunftsrecht (Art. 15 DSGVO):<\/li>\n<\/ol>\n<p>Sie haben das Recht eine Best\u00e4tigung dar\u00fcber zu verlangen, ob sie betreffende personenbezogene Daten verarbeitet werden; ist dies der Fall, so haben Sie ein Recht auf Auskunft \u00fcber diese personenbezogenen Daten und auf die in Art. 15 DSGVO im einzelnen aufgef\u00fchrten Informationen.<\/p>\n<ol start=\"2\">\n<li>Recht auf Berichtigung und L\u00f6schung (Art. 16 und 17 DSGVO):<\/li>\n<\/ol>\n<p>Sie haben das Recht, unverz\u00fcglich die Berichtigung sie betreffender unrichtiger personenbezogener Daten und ggf. die Vervollst\u00e4ndigung unvollst\u00e4ndiger perso-nenbezogener Daten zu verlangen.<\/p>\n<p>Sie haben zudem das Recht, zu verlangen, dass sie betreffende personenbezogene Daten unverz\u00fcglich gel\u00f6scht werden, sofern einer der in Art. 17 DSGVO im einzelnen aufgef\u00fchrten Gr\u00fcnde zutrifft, z. B. wenn die Daten f\u00fcr die verfolgten Zwecke nicht mehr ben\u00f6tigt werden.<\/p>\n<ol start=\"3\">\n<li>Recht auf Einschr\u00e4nkung der Verarbeitung (Art. 18 DSGVO):<\/li>\n<\/ol>\n<p>Sie haben das Recht, die Einschr\u00e4nkung der Verarbeitung zu verlangen, wenn eine der in Art. 18 DSGVO aufgef\u00fchrten Voraussetzungen gegeben ist, z. B. wenn Sie Widerspruch gegen die Verarbeitung eingelegt haben, f\u00fcr die Dauer einer etwai-gen Pr\u00fcfung.<\/p>\n<ol start=\"4\">\n<li>Recht auf Daten\u00fcbertragbarkeit (Art. 20 DSGVO):<\/li>\n<\/ol>\n<p>In bestimmten F\u00e4llen, die in Art. 20 DSGVO im Einzelnen aufgef\u00fchrt werden, haben Sie das Recht, die sie betreffenden personenbezogenen Daten in einem struktu-rierten, g\u00e4ngigen und maschinenlesbaren Format zu erhalten bzw. die \u00dcbermittlung dieser Daten an einen Dritten zu verlangen.<\/p>\n<ol start=\"5\">\n<li>Widerspruchsrecht (Art. 21 DSGVO):<\/li>\n<\/ol>\n<p>Werden Daten auf Grundlage von Art. 6 Abs. 1 lit. f erhoben (Datenverarbeitung zur Wahrung berechtigter Interessen), steht Ihnen das Recht zu, aus Gr\u00fcnden, die sich aus Ihrer besonderen Situation ergeben, jederzeit gegen die Verarbeitung Wider-spruch einzulegen. Wir verarbeiten die personenbezogenen Daten dann nicht mehr, es sei denn, es liegen nachweisbar zwingende schutzw\u00fcrdige Gr\u00fcnde f\u00fcr die Verarbeitung vor, die die Interessen, Rechte und Freiheiten der betroffenen Person \u00fcberwiegen, oder die Verarbeitung dient der Geltendmachung, Aus\u00fcbung oder Verteidigung von Rechtsanspr\u00fcchen.<\/p>\n<ol start=\"6\">\n<li>Beschwerderecht bei einer Aufsichtsbeh\u00f6rde<\/li>\n<\/ol>\n<p>Sie haben gem. Art. 77 DSGVO das Recht auf Beschwerde bei einer Aufsichtsbeh\u00f6r-de, wenn Sie der Ansicht sind, dass die Verarbeitung der Sie betreffenden Daten gegen datenschutzrechtliche Bestimmungen verst\u00f6\u00dft. Das Beschwerderecht kann insbesondere bei einer Aufsichtsbeh\u00f6rde in dem Mitgliedstaat Ihres Aufenthaltsorts, Ihres Arbeitsplatzes oder des Orts des mutma\u00dflichen Versto\u00dfes geltend gemacht werden.<\/p>\n<\/div>\n<div id=\"c159\" class=\"frame default\">\n<h3 class=\"\" data-fontsize=\"32\" data-lineheight=\"44\">Angabe des Datenschutzbeauftragten<\/h3>\n<p>datenschutz nord GmbH<br \/>\n<a class=\"c-link\" href=\"https:\/\/www.datenschutz-nord.de\/\" target=\"_blank\" rel=\"noopener noreferrer\">www.datenschutz-nord.de<\/a><br \/>\n<a class=\"c-link\" href=\"mailto:office@datenschutz-nord.de\" target=\"_blank\" rel=\"noopener noreferrer\">office@datenschutz-nord.de<\/a><\/p>\n<\/div>\n<\/div><div class=\"fusion-clearfix\"><\/div><\/div><\/div><\/div><\/div>\n","protected":false},"excerpt":{"rendered":"","protected":false},"author":3,"featured_media":0,"parent":0,"menu_order":0,"comment_status":"closed","ping_status":"closed","template":"","meta":{"footnotes":""},"class_list":["post-1437","page","type-page","status-publish","hentry"],"_links":{"self":[{"href":"https:\/\/www.cluster-zukunft-der-pflege.de\/index.php\/wp-json\/wp\/v2\/pages\/1437","targetHints":{"allow":["GET"]}}],"collection":[{"href":"https:\/\/www.cluster-zukunft-der-pflege.de\/index.php\/wp-json\/wp\/v2\/pages"}],"about":[{"href":"https:\/\/www.cluster-zukunft-der-pflege.de\/index.php\/wp-json\/wp\/v2\/types\/page"}],"author":[{"embeddable":true,"href":"https:\/\/www.cluster-zukunft-der-pflege.de\/index.php\/wp-json\/wp\/v2\/users\/3"}],"replies":[{"embeddable":true,"href":"https:\/\/www.cluster-zukunft-der-pflege.de\/index.php\/wp-json\/wp\/v2\/comments?post=1437"}],"version-history":[{"count":11,"href":"https:\/\/www.cluster-zukunft-der-pflege.de\/index.php\/wp-json\/wp\/v2\/pages\/1437\/revisions"}],"predecessor-version":[{"id":3451,"href":"https:\/\/www.cluster-zukunft-der-pflege.de\/index.php\/wp-json\/wp\/v2\/pages\/1437\/revisions\/3451"}],"wp:attachment":[{"href":"https:\/\/www.cluster-zukunft-der-pflege.de\/index.php\/wp-json\/wp\/v2\/media?parent=1437"}],"curies":[{"name":"wp","href":"https:\/\/api.w.org\/{rel}","templated":true}]}}