{"id":1473,"date":"2019-05-16T17:04:28","date_gmt":"2019-05-16T15:04:28","guid":{"rendered":"http:\/\/www.cluster-zukunft-der-pflege.de\/?page_id=1473"},"modified":"2025-05-27T08:08:36","modified_gmt":"2025-05-27T06:08:36","slug":"cluster","status":"publish","type":"page","link":"https:\/\/www.cluster-zukunft-der-pflege.de\/index.php\/cluster\/","title":{"rendered":"CLUSTER"},"content":{"rendered":"<div class=\"fusion-fullwidth fullwidth-box fusion-builder-row-1 nonhundred-percent-fullwidth non-hundred-percent-height-scrolling\" style=\"--awb-border-radius-top-left:0px;--awb-border-radius-top-right:0px;--awb-border-radius-bottom-right:0px;--awb-border-radius-bottom-left:0px;--awb-margin-bottom:150px;--awb-flex-wrap:wrap;\" ><div class=\"fusion-builder-row fusion-row\"><div class=\"fusion-layout-column fusion_builder_column fusion-builder-column-0 fusion_builder_column_1_1 1_1 fusion-one-full fusion-column-first fusion-column-last\" style=\"--awb-bg-size:cover;\"><div class=\"fusion-column-wrapper fusion-column-has-shadow fusion-flex-column-wrapper-legacy\"><div class=\"fusion-title title fusion-title-1 fusion-sep-none fusion-title-text fusion-title-size-two\" style=\"--awb-text-color:#90b728;--awb-margin-top-small:0px;--awb-margin-right-small:0px;--awb-margin-bottom-small:20px;--awb-margin-left-small:0px;\"><h2 class=\"fusion-title-heading title-heading-left fusion-responsive-typography-calculated\" style=\"margin:0;--fontSize:35;line-height:1.29;\"><strong>Vorstellung<\/strong><\/h2><\/div><div class=\"fusion-sep-clear\"><\/div><div class=\"fusion-separator fusion-full-width-sep\" style=\"margin-left: auto;margin-right: auto;width:100%;\"><div class=\"fusion-separator-border sep-single sep-solid\" style=\"--awb-height:20px;--awb-amount:20px;border-color:#e0dede;border-top-width:1px;\"><\/div><\/div><div class=\"fusion-sep-clear\"><\/div><div class=\"fusion-text fusion-text-1\"><p>Bei dem Cluster \u201eZukunft der Pflege\u201c handelt es sich um einen vom Bundesministerium f\u00fcr Forschung, Technologie und Raumfahrt (BMFTR) gef\u00f6rderten Verbundprojekt zur Entwicklung und Erforschung neuer Pflegetechnologien. Gesellschaftlich steht Deutschland aufgrund des demografischen Wandels der gro\u00dfen Herausforderung entgegen, die Pflege auch zuk\u00fcnftig zu sichern. Aufgrund der steigenden Anzahl von Pflegebed\u00fcrftigen muss auch gew\u00e4hrleistet sein, dass in allen Pflegedom\u00e4nen ausreichend Pflegekr\u00e4fte und pflegende Angeh\u00f6rige zur Verf\u00fcgung stehen. Dabei bieten technologische Innovationen das Potential, die Pflegekr\u00e4fte und pflegenden Angeh\u00f6rigen bei ihrer Arbeit zu entlasten und gleichzeitig die Lebensqualit\u00e4t der Patienten zu verbessern.<\/p>\n<p>An dieser Stelle setzt das Cluster, bestehend aus dem Pflegeinnovationszentrum (PIZ) und vier Pflegepraxiszentren (PPZ), an. W\u00e4hrend das PIZ in Oldenburg sich auf den Aufbau von Reallaboren verschiedenster Pflegesettings konzentriert (ambulante Pflege, station\u00e4re Pflege, Intensivpflege, Pflegedienstzentrale) und dabei sowohl gezielt nach am Markt verf\u00fcgbaren Pflegeinnovationen Ausschau h\u00e4lt als auch eigene Forschung im Bereich Robotik, Augmented Reality und Virtual Reality betreibt, fokussieren die PPZ in Freiburg, N\u00fcrnberg, Berlin und Hannover neben eigener Forschung auch die Erprobung der entdeckten Technologien im pflegerischen Praxisalltag, da letzten Endes gerade die Praxistauglichkeit \u00fcber den tats\u00e4chlichen Einzug in den Alltag entscheidet.<\/p>\n<\/div><div class=\"fusion-clearfix\"><\/div><\/div><\/div><\/div><\/div>\n","protected":false},"excerpt":{"rendered":"","protected":false},"author":3,"featured_media":0,"parent":0,"menu_order":0,"comment_status":"closed","ping_status":"closed","template":"","meta":{"footnotes":""},"class_list":["post-1473","page","type-page","status-publish","hentry"],"_links":{"self":[{"href":"https:\/\/www.cluster-zukunft-der-pflege.de\/index.php\/wp-json\/wp\/v2\/pages\/1473","targetHints":{"allow":["GET"]}}],"collection":[{"href":"https:\/\/www.cluster-zukunft-der-pflege.de\/index.php\/wp-json\/wp\/v2\/pages"}],"about":[{"href":"https:\/\/www.cluster-zukunft-der-pflege.de\/index.php\/wp-json\/wp\/v2\/types\/page"}],"author":[{"embeddable":true,"href":"https:\/\/www.cluster-zukunft-der-pflege.de\/index.php\/wp-json\/wp\/v2\/users\/3"}],"replies":[{"embeddable":true,"href":"https:\/\/www.cluster-zukunft-der-pflege.de\/index.php\/wp-json\/wp\/v2\/comments?post=1473"}],"version-history":[{"count":16,"href":"https:\/\/www.cluster-zukunft-der-pflege.de\/index.php\/wp-json\/wp\/v2\/pages\/1473\/revisions"}],"predecessor-version":[{"id":3113,"href":"https:\/\/www.cluster-zukunft-der-pflege.de\/index.php\/wp-json\/wp\/v2\/pages\/1473\/revisions\/3113"}],"wp:attachment":[{"href":"https:\/\/www.cluster-zukunft-der-pflege.de\/index.php\/wp-json\/wp\/v2\/media?parent=1473"}],"curies":[{"name":"wp","href":"https:\/\/api.w.org\/{rel}","templated":true}]}}