{"id":2200,"date":"2023-02-28T16:37:32","date_gmt":"2023-02-28T14:37:32","guid":{"rendered":"https:\/\/www.cluster-zukunft-der-pflege.de\/?page_id=2200"},"modified":"2023-03-06T11:15:33","modified_gmt":"2023-03-06T09:15:33","slug":"sammelband","status":"publish","type":"page","link":"https:\/\/www.cluster-zukunft-der-pflege.de\/index.php\/sammelband\/","title":{"rendered":"Sammelband"},"content":{"rendered":"<p><div class=\"fusion-fullwidth fullwidth-box fusion-builder-row-1 fusion-flex-container has-pattern-background has-mask-background nonhundred-percent-fullwidth non-hundred-percent-height-scrolling\" style=\"--awb-border-radius-top-left:0px;--awb-border-radius-top-right:0px;--awb-border-radius-bottom-right:0px;--awb-border-radius-bottom-left:0px;--awb-flex-wrap:wrap;\" ><div class=\"fusion-builder-row fusion-row fusion-flex-align-items-flex-start fusion-flex-content-wrap\" style=\"max-width:1352px;margin-left: calc(-4% \/ 2 );margin-right: calc(-4% \/ 2 );\"><div class=\"fusion-layout-column fusion_builder_column fusion-builder-column-0 fusion_builder_column_1_3 1_3 fusion-flex-column\" style=\"--awb-bg-size:cover;--awb-width-large:33.333333333333%;--awb-margin-top-large:0px;--awb-spacing-right-large:5.76%;--awb-margin-bottom-large:20px;--awb-spacing-left-large:5.76%;--awb-width-medium:100%;--awb-order-medium:0;--awb-spacing-right-medium:1.92%;--awb-spacing-left-medium:1.92%;--awb-width-small:100%;--awb-order-small:0;--awb-spacing-right-small:1.92%;--awb-spacing-left-small:1.92%;\"><div class=\"fusion-column-wrapper fusion-column-has-shadow fusion-flex-justify-content-flex-start fusion-content-layout-column\"><div class=\"fusion-image-element \" style=\"--awb-margin-top:35px;--awb-caption-title-font-family:var(--h2_typography-font-family);--awb-caption-title-font-weight:var(--h2_typography-font-weight);--awb-caption-title-font-style:var(--h2_typography-font-style);--awb-caption-title-size:var(--h2_typography-font-size);--awb-caption-title-transform:var(--h2_typography-text-transform);--awb-caption-title-line-height:var(--h2_typography-line-height);--awb-caption-title-letter-spacing:var(--h2_typography-letter-spacing);\"><span class=\" fusion-imageframe imageframe-none imageframe-1 hover-type-none\"><img decoding=\"async\" width=\"578\" height=\"833\" title=\"Cover\" src=\"https:\/\/www.cluster-zukunft-der-pflege.de\/wp-content\/uploads\/2023\/02\/Cover.jpg\" alt class=\"img-responsive wp-image-2201\" srcset=\"https:\/\/www.cluster-zukunft-der-pflege.de\/wp-content\/uploads\/2023\/02\/Cover-200x288.jpg 200w, https:\/\/www.cluster-zukunft-der-pflege.de\/wp-content\/uploads\/2023\/02\/Cover-400x576.jpg 400w, https:\/\/www.cluster-zukunft-der-pflege.de\/wp-content\/uploads\/2023\/02\/Cover.jpg 578w\" sizes=\"(max-width: 1024px) 100vw, (max-width: 640px) 100vw, 400px\" \/><\/span><\/div><div class=\"fusion-text fusion-text-1\"><h5 id=\"title\" class=\"a-spacing-none a-text-normal\"><a href=\"https:\/\/www.amazon.de\/Pflegeinnovationen-Praxis-Erfahrungen-Empfehlungen-Cluster\/dp\/3658393017\/ref=sr_1_fkmr0_1?__mk_de_DE=%C3%85M%C3%85%C5%BD%C3%95%C3%91&amp;crid=3PGPLJHKQUQUE&amp;keywords=sammelband+pflegeinnovationen+in+der+praxis&amp;qid=1678094058&amp;sprefix=sammelband+pflegeinnovationen+in+der+praxi%2Caps%2C218&amp;sr=8-1-fkmr0\"><span id=\"productTitle\" class=\"a-size-extra-large\">Pflegeinnovationen in der Praxis: Erfahrungen und Empfehlungen aus dem \u201eCluster Zukunft der Pflege\u201c<\/span><\/a><\/h5>\n<\/div><\/div><\/div><div class=\"fusion-layout-column fusion_builder_column fusion-builder-column-1 fusion_builder_column_2_3 2_3 fusion-flex-column\" style=\"--awb-bg-size:cover;--awb-width-large:66.666666666667%;--awb-margin-top-large:0px;--awb-spacing-right-large:2.88%;--awb-margin-bottom-large:20px;--awb-spacing-left-large:2.88%;--awb-width-medium:100%;--awb-order-medium:0;--awb-spacing-right-medium:1.92%;--awb-spacing-left-medium:1.92%;--awb-width-small:100%;--awb-order-small:0;--awb-spacing-right-small:1.92%;--awb-spacing-left-small:1.92%;\"><div class=\"fusion-column-wrapper fusion-column-has-shadow fusion-flex-justify-content-flex-start fusion-content-layout-column\"><div class=\"fusion-text fusion-text-2\"><h3>Pflegeinnovationen in der Praxis &#8211; Erfahrungen und Empfehlungen aus dem &#8222;Cluster Zukunft der Pflege&#8220;<\/h3>\n<p style=\"text-align: left;\">Pflegeinnovationen &#8211; insbesondere in Verbindung mit Digitalisierung und den Potenzialen von KI &#8211; werden als wesentlicher Hebel gesehen, um sowohl die Qualit\u00e4t in der Pflege anzuheben als auch den wachsenden Herausforderungen des Fachkr\u00e4ftemangels zu begegnen. Die Frage, welche Faktoren die Entwicklung, Auswahl und Implementierung von Pflegetechnologien bef\u00f6rdern oder auch behindern k\u00f6nnen, ist die Aufgabe des vom Bundesministerium f\u00fcr Bildung und Forschung (BMBF) gef\u00f6rderten \u201eCluster Zukunft der Pflege\u201c. Dabei wird das gesamte soziotechnische System Pflege (Mensch, Organisation und Technik), in dem die Technik zum Einsatz kommen soll, betrachtet.<br \/>\nAn Beispielen aus dem Pflegeinnovationszentrum (PIZ) und aus vier Pflegepraxiszentren (PPZ) werden in diesem Buch die Phasen des Technologieentwicklungsprozesses und der Implementierung von Pflegeinnovationen in diversen pflegerischen Settings des praktischen Pflegealltags vorgestellt, die Fragen nach sozialer, ethischer und \u00f6konomischer Relevanz sowie die Bedeutung des praktischen Nutzens sowie der Akzeptanz gestellt und diskutiert. Zugleich werden Bedingungsfaktoren f\u00fcr gelingende Pflegeinnovationen analysiert, damit sich der pflegerische Nutzen der Pflegebed\u00fcrftigen und der Nutzen der Pflegenden verbessern lassen.<br \/>\nKurz: Ein profunder Einblick in die Werkstatt \u201eZukunft der Pflege\u201c mit zahlreichen praxisorientieren Erkenntnissen f\u00fcr den Einsatz von digitalen Innovationen im Pflegealltag und Hinweisen f\u00fcr den weiteren Entwicklungs- und Forschungsbedarf.<\/p>\n<\/div><\/div><\/div><\/div><\/div><div class=\"fusion-fullwidth fullwidth-box fusion-builder-row-2 fusion-flex-container has-pattern-background has-mask-background nonhundred-percent-fullwidth non-hundred-percent-height-scrolling\" style=\"--awb-border-radius-top-left:0px;--awb-border-radius-top-right:0px;--awb-border-radius-bottom-right:0px;--awb-border-radius-bottom-left:0px;--awb-flex-wrap:wrap;\" ><div class=\"fusion-builder-row fusion-row fusion-flex-align-items-flex-start fusion-flex-content-wrap\" style=\"max-width:1352px;margin-left: calc(-4% \/ 2 );margin-right: calc(-4% \/ 2 );\"><div class=\"fusion-layout-column fusion_builder_column fusion-builder-column-2 fusion_builder_column_1_1 1_1 fusion-flex-column\" style=\"--awb-bg-size:cover;--awb-width-large:100%;--awb-margin-top-large:0px;--awb-spacing-right-large:1.92%;--awb-margin-bottom-large:20px;--awb-spacing-left-large:1.92%;--awb-width-medium:100%;--awb-order-medium:0;--awb-spacing-right-medium:1.92%;--awb-spacing-left-medium:1.92%;--awb-width-small:100%;--awb-order-small:0;--awb-spacing-right-small:1.92%;--awb-spacing-left-small:1.92%;\"><div class=\"fusion-column-wrapper fusion-column-has-shadow fusion-flex-justify-content-flex-start fusion-content-layout-column\"><div class=\"fusion-separator fusion-full-width-sep\" style=\"align-self: center;margin-left: auto;margin-right: auto;margin-top:10px;margin-bottom:10px;width:100%;\"><\/div><div class=\"fusion-text fusion-text-3\" style=\"--awb-content-alignment:center;\"><h3 style=\"text-align: center;\"><strong>Stimmen der Autorinnen und Autoren zum Sammelband<\/strong><\/h3>\n<\/div><\/div><\/div><\/div><\/div><div class=\"fusion-fullwidth fullwidth-box fusion-builder-row-3 fusion-flex-container has-pattern-background has-mask-background nonhundred-percent-fullwidth non-hundred-percent-height-scrolling\" style=\"--awb-border-radius-top-left:0px;--awb-border-radius-top-right:0px;--awb-border-radius-bottom-right:0px;--awb-border-radius-bottom-left:0px;--awb-flex-wrap:wrap;\" ><div class=\"fusion-builder-row fusion-row fusion-flex-align-items-flex-start fusion-flex-content-wrap\" style=\"max-width:1352px;margin-left: calc(-4% \/ 2 );margin-right: calc(-4% \/ 2 );\"><div class=\"fusion-layout-column fusion_builder_column fusion-builder-column-3 fusion_builder_column_1_1 1_1 fusion-flex-column\" style=\"--awb-bg-size:cover;--awb-width-large:100%;--awb-margin-top-large:0px;--awb-spacing-right-large:1.92%;--awb-margin-bottom-large:20px;--awb-spacing-left-large:1.92%;--awb-width-medium:100%;--awb-order-medium:0;--awb-spacing-right-medium:1.92%;--awb-spacing-left-medium:1.92%;--awb-width-small:100%;--awb-order-small:0;--awb-spacing-right-small:1.92%;--awb-spacing-left-small:1.92%;\"><div class=\"fusion-column-wrapper fusion-column-has-shadow fusion-flex-justify-content-flex-start fusion-content-layout-column\"><div class=\"fusion-image-carousel fusion-image-carousel-fixed fusion-image-carousel-1 fusion-carousel-border awb-image-carousel-top-below-caption carousel\"><div class=\"awb-carousel awb-swiper awb-swiper-carousel awb-carousel--carousel awb-swiper-dots-position-bottom awb-imageframe-style awb-imageframe-style-below awb-imageframe-style-1\" data-layout=\"carousel\" data-autoplay=\"no\" data-autoplayspeed=\"2500\" data-autoplaypause=\"no\" data-loop=\"yes\" data-columns=\"3\" data-columnsmedium=\"1\" data-columnssmall=\"1\" data-itemmargin=\"13\" data-itemwidth=\"180\" data-touchscroll=\"no\" data-freemode=\"no\" data-imagesize=\"fixed\" data-scrollitems=\"1\" data-centeredslides=\"no\" data-rotationangle=\"50\" data-depth=\"100\" data-speed=\"500\" data-shadow=\"no\" data-pagination=\"bullets\" style=\"--awb-columns:3;--awb-border-width:1px;--awb-border-color:#e9eaee;\"><div class=\"swiper-wrapper awb-image-carousel-wrapper fusion-flex-align-items-center\"><div class=\"swiper-slide\"><div class=\"fusion-carousel-item-wrapper\"><div class=\"fusion-image-wrapper hover-type-none\"><img decoding=\"async\" width=\"460\" height=\"295\" src=\"https:\/\/www.cluster-zukunft-der-pflege.de\/wp-content\/uploads\/2023\/03\/KSeibert_v2-460x295.png\" class=\"attachment-portfolio-two size-portfolio-two\" alt=\"\" srcset=\"https:\/\/www.cluster-zukunft-der-pflege.de\/wp-content\/uploads\/2023\/03\/KSeibert_v2-200x128.png 200w, https:\/\/www.cluster-zukunft-der-pflege.de\/wp-content\/uploads\/2023\/03\/KSeibert_v2-400x257.png 400w, https:\/\/www.cluster-zukunft-der-pflege.de\/wp-content\/uploads\/2023\/03\/KSeibert_v2.png 460w\" sizes=\"(min-width: 2200px) 100vw, (min-width: 824px) 425px, (min-width: 732px) 637px, (min-width: 640px) 732px, \" \/><\/div><div class=\"awb-imageframe-caption-container\"><div class=\"awb-imageframe-caption\"><h2 class=\"awb-imageframe-caption-title\">Dr. Kathrin Seibert (Bildrecht: Kathrin Seibert)<\/h2><p class=\"awb-imageframe-caption-text\">\u201eForschungs- und Entwicklungsprojekte sollten regulatorische, technische, prozessuale, soziale und ethische Gelingensbedingungen f\u00fcr Pflege-Technik-Projekte kennen, um optimale Voraussetzungen f\u00fcr ihren Erfolg zu schaffen und bedarfsgerechte und nutzenbringende Technologien f\u00fcr die Pflege zu entwickeln.\u201c<\/p><\/div><\/div><\/div><\/div><div class=\"swiper-slide\"><div class=\"fusion-carousel-item-wrapper\"><div class=\"fusion-image-wrapper hover-type-none\"><img decoding=\"async\" width=\"460\" height=\"295\" src=\"https:\/\/www.cluster-zukunft-der-pflege.de\/wp-content\/uploads\/2023\/02\/Maxie-Lutze-e1677592703133-460x295.jpg\" class=\"attachment-portfolio-two size-portfolio-two\" alt=\"\" \/><\/div><div class=\"awb-imageframe-caption-container\"><div class=\"awb-imageframe-caption\"><h2 class=\"awb-imageframe-caption-title\">Maxie Lutze (Bildrecht: Maxie Lutze)<\/h2><p class=\"awb-imageframe-caption-text\">\u201eDigitale Transformation braucht Beteiligung. Pflegebed\u00fcrftige, ihre Familien und Pflegepersonal in die Bewertung digitaler Pflegeanwendungen einzubinden ist gewinnbringend. Bringen wir Praxis, Wissenschaft und Verwaltung durch transparente Strukturen und Governance in einen strukturierten Austausch.\u201c<\/p><\/div><\/div><\/div><\/div><div class=\"swiper-slide\"><div class=\"fusion-carousel-item-wrapper\"><div class=\"fusion-image-wrapper hover-type-none\"><img decoding=\"async\" width=\"460\" height=\"295\" src=\"https:\/\/www.cluster-zukunft-der-pflege.de\/wp-content\/uploads\/2023\/02\/Rothgang-Pressefoto-vor-Barkhof-copy-460x295.jpg\" class=\"attachment-portfolio-two size-portfolio-two\" alt=\"\" \/><\/div><div class=\"awb-imageframe-caption-container\"><div class=\"awb-imageframe-caption\"><h2 class=\"awb-imageframe-caption-title\">Prof. Dr. Heinz Rothgang<\/h2><p class=\"awb-imageframe-caption-text\">Universit\u008at Bremen Zentrum f\u009fr Sozialpolitik , Portraits, Gruppenaufnahmen, Architektur und Arbeitssituationen. Bremen am 13. April 2010 F\u009fr Dr. Christian Peters Foto\u00a9 David Ausserhofer<\/p><\/div><\/div><\/div><\/div><div class=\"swiper-slide\"><div class=\"fusion-carousel-item-wrapper\"><div class=\"fusion-image-wrapper hover-type-none\"><img decoding=\"async\" width=\"460\" height=\"295\" src=\"https:\/\/www.cluster-zukunft-der-pflege.de\/wp-content\/uploads\/2023\/03\/ReginaSchmeer_v2-460x295.png\" class=\"attachment-portfolio-two size-portfolio-two\" alt=\"\" srcset=\"https:\/\/www.cluster-zukunft-der-pflege.de\/wp-content\/uploads\/2023\/03\/ReginaSchmeer_v2-200x128.png 200w, https:\/\/www.cluster-zukunft-der-pflege.de\/wp-content\/uploads\/2023\/03\/ReginaSchmeer_v2-400x257.png 400w, https:\/\/www.cluster-zukunft-der-pflege.de\/wp-content\/uploads\/2023\/03\/ReginaSchmeer_v2.png 460w\" sizes=\"(min-width: 2200px) 100vw, (min-width: 824px) 425px, (min-width: 732px) 637px, (min-width: 640px) 732px, \" \/><\/div><div class=\"awb-imageframe-caption-container\"><div class=\"awb-imageframe-caption\"><h2 class=\"awb-imageframe-caption-title\">Dr. Regina Schmeer (Bildrecht: Medizinische Hochschule Hannover)<\/h2><p class=\"awb-imageframe-caption-text\">\u201eDa wachsen die schon rein! Oder? - Mit zunehmender Digitalisierung in der Gesundheitsversorgung w\u00e4chst auch die Erwartung, dass Pflegefachpersonen ihre Kompetenzen diesbez\u00fcglich erweitern. Allerdings fehlt oft eine strukturierte und angeleitete F\u00f6rderung, wie sie in unserem Buchkapitel dargestellt wird.\u201c<\/p><\/div><\/div><\/div><\/div><div class=\"swiper-slide\"><div class=\"fusion-carousel-item-wrapper\"><div class=\"fusion-image-wrapper hover-type-none\"><img decoding=\"async\" width=\"460\" height=\"295\" src=\"https:\/\/www.cluster-zukunft-der-pflege.de\/wp-content\/uploads\/2023\/02\/StefanWalzer_copyright-Privataufnahme-scaled-e1677592657739-460x295.jpg\" class=\"attachment-portfolio-two size-portfolio-two\" alt=\"\" \/><\/div><div class=\"awb-imageframe-caption-container\"><div class=\"awb-imageframe-caption\"><h2 class=\"awb-imageframe-caption-title\">Stefan Walzer (Bildrecht: Stefan Walzer)<\/h2><p class=\"awb-imageframe-caption-text\">\u201eWem kann welche Pflegetechnologie wann und wo Vorteile bringen? Und wie genau definieren und evaluieren wir diese Vorteile? Die Auseinandersetzung mit dem gesamten Innovationsprozess \u2013 wie in diesem Buch versucht \u2013 kann uns dabei helfen, einer Antwort n\u00e4her zu kommen.\u201c<\/p><\/div><\/div><\/div><\/div><div class=\"swiper-slide\"><div class=\"fusion-carousel-item-wrapper\"><div class=\"fusion-image-wrapper hover-type-none\"><img decoding=\"async\" width=\"460\" height=\"295\" src=\"https:\/\/www.cluster-zukunft-der-pflege.de\/wp-content\/uploads\/2023\/02\/68R8134-22-scaled-e1677592617547-460x295.jpg\" class=\"attachment-portfolio-two size-portfolio-two\" alt=\"\" \/><\/div><div class=\"awb-imageframe-caption-container\"><div class=\"awb-imageframe-caption\"><h2 class=\"awb-imageframe-caption-title\">Tobias Krick (Bildrecht: Tobias Kramer)<\/h2><p class=\"awb-imageframe-caption-text\">\u201eDie Evaluation von digitalen Pflegetechnologien und insbesondere der Wirksamkeitsnachweis in der Pflegepraxis stellt f\u00fcr das Voranschreiten von Pflegeinnovationen aktuell eine wesentliche, aber \u00fcberwindbare Herausforderung dar.\u201c<\/p><\/div><\/div><\/div><\/div><div class=\"swiper-slide\"><div class=\"fusion-carousel-item-wrapper\"><div class=\"fusion-image-wrapper hover-type-none\"><img decoding=\"async\" width=\"460\" height=\"295\" src=\"https:\/\/www.cluster-zukunft-der-pflege.de\/wp-content\/uploads\/2023\/03\/IsabelSchoen_v2-460x295.png\" class=\"attachment-portfolio-two size-portfolio-two\" alt=\"\" srcset=\"https:\/\/www.cluster-zukunft-der-pflege.de\/wp-content\/uploads\/2023\/03\/IsabelSchoen_v2-200x128.png 200w, https:\/\/www.cluster-zukunft-der-pflege.de\/wp-content\/uploads\/2023\/03\/IsabelSchoen_v2-400x257.png 400w, https:\/\/www.cluster-zukunft-der-pflege.de\/wp-content\/uploads\/2023\/03\/IsabelSchoen_v2.png 460w\" sizes=\"(min-width: 2200px) 100vw, (min-width: 824px) 425px, (min-width: 732px) 637px, (min-width: 640px) 732px, \" \/><\/div><div class=\"awb-imageframe-caption-container\"><div class=\"awb-imageframe-caption\"><h2 class=\"awb-imageframe-caption-title\">Isabel Sch\u00f6n (Bildrecht: Isabel Sch\u00f6n)<\/h2><p class=\"awb-imageframe-caption-text\">\u201eF\u00fcr das CzdP ist Interdisziplinarit\u00e4t konstitutiv. \u00dcber die forschungsethische Frage ,Wie wollen wir forschen?' bedarf es eines Verst\u00e4ndigungsprozesses. Auf einen solchen bezieht sich unser Beitrag ,Forschung, Ethik, Formalismus' - der als Grundlage f\u00fcr eine weiterf\u00fchrende Reflexion und Praxis dienen kann.\u201c<\/p><\/div><\/div><\/div><\/div><div class=\"swiper-slide\"><div class=\"fusion-carousel-item-wrapper\"><div class=\"fusion-image-wrapper hover-type-none\"><img decoding=\"async\" width=\"460\" height=\"295\" src=\"https:\/\/www.cluster-zukunft-der-pflege.de\/wp-content\/uploads\/2023\/02\/Foto-Katrin-Grueber-460x295.jpg\" class=\"attachment-portfolio-two size-portfolio-two\" alt=\"\" \/><\/div><div class=\"awb-imageframe-caption-container\"><div class=\"awb-imageframe-caption\"><h2 class=\"awb-imageframe-caption-title\">Dr. Katrin Gr\u00fcber (Bildrecht: Katrin Gr\u00fcber)<\/h2><p class=\"awb-imageframe-caption-text\">\u201eEin selbstbewusster Umgang mit Pflegeinnovationen ist n\u00f6tig und m\u00f6glich. Dazu braucht es Orte und die Zeit f\u00fcr einen gemeinsamen Austausch. Das Instrument FreTiP (Fragen zur ethischen Reflexion von digitalen Technologien in der Pflegepraxis) unterst\u00fctzt solche Prozesse.\u201c<\/p><\/div><\/div><\/div><\/div><div class=\"swiper-slide\"><div class=\"fusion-carousel-item-wrapper\"><div class=\"fusion-image-wrapper hover-type-none\"><img decoding=\"async\" width=\"460\" height=\"295\" src=\"https:\/\/www.cluster-zukunft-der-pflege.de\/wp-content\/uploads\/2023\/02\/IMG_0007_001_1-460x295.jpg\" class=\"attachment-portfolio-two size-portfolio-two\" alt=\"\" \/><\/div><div class=\"awb-imageframe-caption-container\"><div class=\"awb-imageframe-caption\"><h2 class=\"awb-imageframe-caption-title\">Ursula Deitmerg (Bildrecht: PPZ N\u00fcrnberg)<\/h2><p class=\"awb-imageframe-caption-text\">\u201eWie anspruchsvoll die Implementierung technischer Innovationen in die Praxis ist, zeigt sich h\u00e4ufig erst, wenn unterschiedlichste H\u00fcrden ein Gelingen infrage stellen. Die hohe Komplexit\u00e4t erfordert Wissen, Motivation und \u00dcbung, was mit einer sach- und fachkundigen Begleitung unterst\u00fctzt werden muss.\u201c<\/p><\/div><\/div><\/div><\/div><div class=\"swiper-slide\"><div class=\"fusion-carousel-item-wrapper\"><div class=\"fusion-image-wrapper hover-type-none\"><img decoding=\"async\" width=\"460\" height=\"295\" src=\"https:\/\/www.cluster-zukunft-der-pflege.de\/wp-content\/uploads\/2023\/02\/JZerth_KU-scaled-e1677592782416-460x295.jpg\" class=\"attachment-portfolio-two size-portfolio-two\" alt=\"\" \/><\/div><div class=\"awb-imageframe-caption-container\"><div class=\"awb-imageframe-caption\"><h2 class=\"awb-imageframe-caption-title\">Prof. Dr. J\u00fcrgen Zerth (Bildrecht: KU Eichst\u00e4tt-Ingolstadt)<\/h2><p class=\"awb-imageframe-caption-text\">\u201eDie Auseinandersetzung mit Pflegeinnovationen adressiert Aspekte der ad\u00e4quaten Auswahl von Technik, der passenden Implementierung in pflegerische Settings und letztendlich Bedingungen f\u00fcr die Transferierbarkeit. Hier versucht der Sammelband Impulse zu geben und weitere Fragen aufzudecken.\u201c<\/p><\/div><\/div><\/div><\/div><div class=\"swiper-slide\"><div class=\"fusion-carousel-item-wrapper\"><div class=\"fusion-image-wrapper hover-type-none\"><img decoding=\"async\" width=\"382\" height=\"295\" src=\"https:\/\/www.cluster-zukunft-der-pflege.de\/wp-content\/uploads\/2023\/02\/Klawunn_Ronny_Farbe-382x295.png\" class=\"attachment-portfolio-two size-portfolio-two\" alt=\"\" \/><\/div><div class=\"awb-imageframe-caption-container\"><div class=\"awb-imageframe-caption\"><h2 class=\"awb-imageframe-caption-title\">Ronny Klawunn (Bildrecht: Ronny Klawunn)<\/h2><p class=\"awb-imageframe-caption-text\">\u201eWir sind uns einig: Technik soll Pflegende unterst\u00fctzen, aber nicht ersetzen. Nicht so einig sind wir uns dar\u00fcber, wie genau eine Pflege der Zukunft gestaltet werden kann, in der Pflegende, Pflegepraxis und neue Technik sinnvoll ineinandergreifen. Dieses Buch soll einen Beitrag zu dieser Debatte leisten.\u201c<\/p><\/div><\/div><\/div><\/div><div class=\"swiper-slide\"><div class=\"fusion-carousel-item-wrapper\"><div class=\"fusion-image-wrapper hover-type-none\"><img decoding=\"async\" width=\"460\" height=\"295\" src=\"https:\/\/www.cluster-zukunft-der-pflege.de\/wp-content\/uploads\/2023\/03\/TobiasKley_v2-460x295.png\" class=\"attachment-portfolio-two size-portfolio-two\" alt=\"\" srcset=\"https:\/\/www.cluster-zukunft-der-pflege.de\/wp-content\/uploads\/2023\/03\/TobiasKley_v2-200x128.png 200w, https:\/\/www.cluster-zukunft-der-pflege.de\/wp-content\/uploads\/2023\/03\/TobiasKley_v2-400x257.png 400w, https:\/\/www.cluster-zukunft-der-pflege.de\/wp-content\/uploads\/2023\/03\/TobiasKley_v2.png 460w\" sizes=\"(min-width: 2200px) 100vw, (min-width: 824px) 425px, (min-width: 732px) 637px, (min-width: 640px) 732px, \" \/><\/div><div class=\"awb-imageframe-caption-container\"><div class=\"awb-imageframe-caption\"><h2 class=\"awb-imageframe-caption-title\">Tobias Kley (Bildrecht: Tobias Kley)<\/h2><p class=\"awb-imageframe-caption-text\">\u201eDie Digitalisierung im Gesundheitswesen gleicht derzeit einem 400m - H\u00fcrdenlauf. Man sieht gerade mal die n\u00e4chste Kurve, erahnt das Ziel nur und st\u00e4ndig ist was im Weg. Der vorliegende Band kann Windschatten bieten um die n\u00e4chsten H\u00fcrden leichter zu nehmen und das Ziel klarer zu fokussieren.\u201c<\/p><\/div><\/div><\/div><\/div><\/div><div class=\"awb-swiper-button awb-swiper-button-prev\"><i class=\"awb-icon-angle-left\" aria-hidden=\"true\"><\/i><\/div><div class=\"awb-swiper-button awb-swiper-button-next\"><i class=\"awb-icon-angle-right\" aria-hidden=\"true\"><\/i><\/div><\/div><\/div><\/div><\/div><\/div><\/div><\/p>\n","protected":false},"excerpt":{"rendered":"","protected":false},"author":6,"featured_media":0,"parent":0,"menu_order":0,"comment_status":"closed","ping_status":"closed","template":"","meta":{"footnotes":""},"class_list":["post-2200","page","type-page","status-publish","hentry"],"_links":{"self":[{"href":"https:\/\/www.cluster-zukunft-der-pflege.de\/index.php\/wp-json\/wp\/v2\/pages\/2200","targetHints":{"allow":["GET"]}}],"collection":[{"href":"https:\/\/www.cluster-zukunft-der-pflege.de\/index.php\/wp-json\/wp\/v2\/pages"}],"about":[{"href":"https:\/\/www.cluster-zukunft-der-pflege.de\/index.php\/wp-json\/wp\/v2\/types\/page"}],"author":[{"embeddable":true,"href":"https:\/\/www.cluster-zukunft-der-pflege.de\/index.php\/wp-json\/wp\/v2\/users\/6"}],"replies":[{"embeddable":true,"href":"https:\/\/www.cluster-zukunft-der-pflege.de\/index.php\/wp-json\/wp\/v2\/comments?post=2200"}],"version-history":[{"count":46,"href":"https:\/\/www.cluster-zukunft-der-pflege.de\/index.php\/wp-json\/wp\/v2\/pages\/2200\/revisions"}],"predecessor-version":[{"id":2269,"href":"https:\/\/www.cluster-zukunft-der-pflege.de\/index.php\/wp-json\/wp\/v2\/pages\/2200\/revisions\/2269"}],"wp:attachment":[{"href":"https:\/\/www.cluster-zukunft-der-pflege.de\/index.php\/wp-json\/wp\/v2\/media?parent=2200"}],"curies":[{"name":"wp","href":"https:\/\/api.w.org\/{rel}","templated":true}]}}