{"id":2422,"date":"2023-10-09T09:49:45","date_gmt":"2023-10-09T07:49:45","guid":{"rendered":"https:\/\/www.cluster-zukunft-der-pflege.de\/?page_id=2422"},"modified":"2023-10-09T14:05:34","modified_gmt":"2023-10-09T12:05:34","slug":"innovationswettbewerb","status":"publish","type":"page","link":"https:\/\/www.cluster-zukunft-der-pflege.de\/index.php\/innovationswettbewerb\/","title":{"rendered":"Innovationswettbewerb"},"content":{"rendered":"<div class=\"fusion-fullwidth fullwidth-box fusion-builder-row-1 fusion-flex-container nonhundred-percent-fullwidth non-hundred-percent-height-scrolling\" style=\"--awb-border-radius-top-left:0px;--awb-border-radius-top-right:0px;--awb-border-radius-bottom-right:0px;--awb-border-radius-bottom-left:0px;--awb-flex-wrap:wrap;\" ><div class=\"fusion-builder-row fusion-row fusion-flex-align-items-flex-start fusion-flex-content-wrap\" style=\"max-width:1352px;margin-left: calc(-4% \/ 2 );margin-right: calc(-4% \/ 2 );\"><div class=\"fusion-layout-column fusion_builder_column fusion-builder-column-0 fusion_builder_column_1_1 1_1 fusion-flex-column\" style=\"--awb-bg-size:cover;--awb-width-large:100%;--awb-margin-top-large:0px;--awb-spacing-right-large:1.92%;--awb-margin-bottom-large:0px;--awb-spacing-left-large:1.92%;--awb-width-medium:100%;--awb-spacing-right-medium:1.92%;--awb-spacing-left-medium:1.92%;--awb-width-small:100%;--awb-spacing-right-small:1.92%;--awb-spacing-left-small:1.92%;\"><div class=\"fusion-column-wrapper fusion-flex-justify-content-flex-start fusion-content-layout-column\"><div class=\"fusion-text fusion-text-1\"><h1>BionicBack gewinnt Innovationswettbewerb \u2013 Die 6. Clusterkonferenz \u201eZukunft der Pflege\u201c st\u00e4rkt Pflegenden den R\u00fccken<\/h1>\n<div id=\"attachment_2416\" style=\"width: 526px\" class=\"wp-caption alignright\"><img decoding=\"async\" aria-describedby=\"caption-attachment-2416\" class=\"wp-image-2416\" src=\"https:\/\/www.cluster-zukunft-der-pflege.de\/wp-content\/uploads\/2023\/09\/Innovationswettbewerb-scaled.jpg\" alt=\"\" width=\"516\" height=\"387\" srcset=\"https:\/\/www.cluster-zukunft-der-pflege.de\/wp-content\/uploads\/2023\/09\/Innovationswettbewerb-200x150.jpg 200w, https:\/\/www.cluster-zukunft-der-pflege.de\/wp-content\/uploads\/2023\/09\/Innovationswettbewerb-300x225.jpg 300w, https:\/\/www.cluster-zukunft-der-pflege.de\/wp-content\/uploads\/2023\/09\/Innovationswettbewerb-400x300.jpg 400w, https:\/\/www.cluster-zukunft-der-pflege.de\/wp-content\/uploads\/2023\/09\/Innovationswettbewerb-600x450.jpg 600w, https:\/\/www.cluster-zukunft-der-pflege.de\/wp-content\/uploads\/2023\/09\/Innovationswettbewerb-768x576.jpg 768w, https:\/\/www.cluster-zukunft-der-pflege.de\/wp-content\/uploads\/2023\/09\/Innovationswettbewerb-800x600.jpg 800w, https:\/\/www.cluster-zukunft-der-pflege.de\/wp-content\/uploads\/2023\/09\/Innovationswettbewerb-1024x768.jpg 1024w, https:\/\/www.cluster-zukunft-der-pflege.de\/wp-content\/uploads\/2023\/09\/Innovationswettbewerb-1200x900.jpg 1200w, https:\/\/www.cluster-zukunft-der-pflege.de\/wp-content\/uploads\/2023\/09\/Innovationswettbewerb-1536x1152.jpg 1536w, https:\/\/www.cluster-zukunft-der-pflege.de\/wp-content\/uploads\/2023\/09\/Innovationswettbewerb-scaled.jpg 2560w\" sizes=\"(max-width: 516px) 100vw, 516px\" \/><p id=\"caption-attachment-2416\" class=\"wp-caption-text\">\u00ae OFFIS<\/p><\/div>\n<p>Auf der 6. Clusterkonferenz \u201eZukunft der Pflege\u201c wurden am zweiten Konferenztag vom Publikum die Gewinner des Innovationswettbewerbes gek\u00fcrt.<\/p>\n<p>Der Innovationswettbewerb zielte darauf ab, innovative L\u00f6sungen und Ideen f\u00fcr die Pflegebranche zu f\u00f6rdern und die besten Projekte auszuzeichnen und fand dieses Jahr zum f\u00fcnften Mal im Rahmen der Clusterkonferenz \u201eZukunft der Pflege\u201c statt. Die Konferenz, die vom 20. bis zum 22. September 2023 auf Einladung des Pflegeinnovationszentrums in Oldenburg stattfand, versammelte Expert:innen aus Wissenschaft, Pflegepraxis und Industrie, um die Zukunft der Pflege zu diskutieren und innovative Technologien f\u00fcr eine bessere Pflege zu erkunden.<\/p>\n<p>Bundesweit konnten sich Hersteller mit ihren innovativen Produkten bewerben. \u00a0Eine Jury w\u00e4hlte aus allen Bewerbungen insgesamt sechs Produkte aus. Ausschlaggebend f\u00fcr die Bewertung waren der Innovationsgehalt der Produkte und der Nutzen f\u00fcr die Pflegepraxis. \u00dcberzeugen mussten sie zun\u00e4chst in einer dreimin\u00fctigen Kurzvorstellung, danach mussten die Vertreter:innen der Hersteller noch zwei Fragen aus einem Expert:innen-Gremium beantworten. Schlie\u00dflich konnten die Hersteller mit folgenden drei Produkten das Publikum \u00fcberzeugen:<\/p>\n<ol>\n<li>Platz: BionicBack von der Help Tech GmbH mit ihrem passiven Exoskelett, welches mit nur 1,3 kg Gewicht Pflegende im Hinblick auf k\u00f6rperliche Belastungen bei t\u00e4glichen Transfert\u00e4tigkeiten entlasten soll.<\/li>\n<li>Platz: Veli von der Veli GmbH mit einem Hausnotrufsystem, welches unterst\u00fctzt durch k\u00fcnstliche Intelligenz Abweichungen in Wasser- und Stromverbrauch erkennt und Angeh\u00f6rige alarmiert, ohne, dass aktiv ein Notrufknopf gedr\u00fcckt werden muss.<\/li>\n<li>Platz: LivyCare von der HUM Systems GmbH mit einer intelligenten Sensorstation zur Warnung bei Sturz oder anderen potenziell gef\u00e4hrlichen Situationen wie dem Verlassen des Bettes oder des Zimmers.<\/li>\n<\/ol>\n<p>Das Cluster Zukunft der Pflege besteht aus vier Pflegepraxiszentren in Berlin, Hannover, Freiburg und N\u00fcrnberg sowie dem Pflegeinnovationzentrum in Oldenburg und Bremen. Seit 2017 f\u00f6rdert das Bundesministerium f\u00fcr Bildung und Forschung dieses Cluster mit ca. 20 Mio. Euro.<\/p>\n<\/div><\/div><\/div><div class=\"fusion-layout-column fusion_builder_column fusion-builder-column-1 fusion_builder_column_1_1 1_1 fusion-flex-column\" style=\"--awb-bg-size:cover;--awb-width-large:100%;--awb-margin-top-large:0px;--awb-spacing-right-large:1.92%;--awb-margin-bottom-large:20px;--awb-spacing-left-large:1.92%;--awb-width-medium:100%;--awb-order-medium:0;--awb-spacing-right-medium:1.92%;--awb-spacing-left-medium:1.92%;--awb-width-small:100%;--awb-order-small:0;--awb-spacing-right-small:1.92%;--awb-spacing-left-small:1.92%;\"><div class=\"fusion-column-wrapper fusion-column-has-shadow fusion-flex-justify-content-flex-start fusion-content-layout-column\"><div class=\"fusion-image-carousel fusion-image-carousel-auto fusion-image-carousel-1 fusion-carousel-border\"><div class=\"awb-carousel awb-swiper awb-swiper-carousel awb-carousel--carousel awb-swiper-dots-position-bottom\" data-layout=\"carousel\" data-autoplay=\"yes\" data-autoplayspeed=\"2500\" data-autoplaypause=\"no\" data-columns=\"1\" data-columnsmedium=\"1\" data-columnssmall=\"1\" data-itemmargin=\"0\" data-itemwidth=\"180\" data-touchscroll=\"no\" data-freemode=\"no\" data-imagesize=\"auto\" data-scrollitems=\"0\" data-centeredslides=\"no\" data-rotationangle=\"50\" data-depth=\"100\" data-speed=\"500\" data-shadow=\"no\" data-pagination=\"bullets\" style=\"--awb-columns:1;--awb-column-spacing:0px;--awb-border-width:1px;--awb-border-color:#e9eaee;\"><div class=\"swiper-wrapper awb-image-carousel-wrapper fusion-flex-align-items-center\"><div class=\"swiper-slide\"><div class=\"fusion-carousel-item-wrapper\"><div class=\"fusion-image-wrapper hover-type-none\"><img decoding=\"async\" width=\"2126\" height=\"531\" src=\"https:\/\/www.cluster-zukunft-der-pflege.de\/wp-content\/uploads\/2023\/10\/Internetbanner_PIZ_Gold.jpg\" class=\"attachment-full size-full\" alt=\"\" srcset=\"https:\/\/www.cluster-zukunft-der-pflege.de\/wp-content\/uploads\/2023\/10\/Internetbanner_PIZ_Gold-200x50.jpg 200w, https:\/\/www.cluster-zukunft-der-pflege.de\/wp-content\/uploads\/2023\/10\/Internetbanner_PIZ_Gold-300x75.jpg 300w, https:\/\/www.cluster-zukunft-der-pflege.de\/wp-content\/uploads\/2023\/10\/Internetbanner_PIZ_Gold-400x100.jpg 400w, https:\/\/www.cluster-zukunft-der-pflege.de\/wp-content\/uploads\/2023\/10\/Internetbanner_PIZ_Gold-600x150.jpg 600w, https:\/\/www.cluster-zukunft-der-pflege.de\/wp-content\/uploads\/2023\/10\/Internetbanner_PIZ_Gold-768x192.jpg 768w, https:\/\/www.cluster-zukunft-der-pflege.de\/wp-content\/uploads\/2023\/10\/Internetbanner_PIZ_Gold-800x200.jpg 800w, https:\/\/www.cluster-zukunft-der-pflege.de\/wp-content\/uploads\/2023\/10\/Internetbanner_PIZ_Gold-1024x256.jpg 1024w, https:\/\/www.cluster-zukunft-der-pflege.de\/wp-content\/uploads\/2023\/10\/Internetbanner_PIZ_Gold-1200x300.jpg 1200w, https:\/\/www.cluster-zukunft-der-pflege.de\/wp-content\/uploads\/2023\/10\/Internetbanner_PIZ_Gold-1536x384.jpg 1536w, https:\/\/www.cluster-zukunft-der-pflege.de\/wp-content\/uploads\/2023\/10\/Internetbanner_PIZ_Gold.jpg 2126w\" sizes=\"(max-width: 2126px) 100vw, 2126px\" \/><\/div><\/div><\/div><div class=\"swiper-slide\"><div class=\"fusion-carousel-item-wrapper\"><div class=\"fusion-image-wrapper hover-type-none\"><img decoding=\"async\" width=\"2126\" height=\"531\" src=\"https:\/\/www.cluster-zukunft-der-pflege.de\/wp-content\/uploads\/2023\/10\/Internetbanner_PIZ_Silber.jpg\" class=\"attachment-full size-full\" alt=\"\" srcset=\"https:\/\/www.cluster-zukunft-der-pflege.de\/wp-content\/uploads\/2023\/10\/Internetbanner_PIZ_Silber-200x50.jpg 200w, https:\/\/www.cluster-zukunft-der-pflege.de\/wp-content\/uploads\/2023\/10\/Internetbanner_PIZ_Silber-300x75.jpg 300w, https:\/\/www.cluster-zukunft-der-pflege.de\/wp-content\/uploads\/2023\/10\/Internetbanner_PIZ_Silber-400x100.jpg 400w, https:\/\/www.cluster-zukunft-der-pflege.de\/wp-content\/uploads\/2023\/10\/Internetbanner_PIZ_Silber-600x150.jpg 600w, https:\/\/www.cluster-zukunft-der-pflege.de\/wp-content\/uploads\/2023\/10\/Internetbanner_PIZ_Silber-768x192.jpg 768w, https:\/\/www.cluster-zukunft-der-pflege.de\/wp-content\/uploads\/2023\/10\/Internetbanner_PIZ_Silber-800x200.jpg 800w, https:\/\/www.cluster-zukunft-der-pflege.de\/wp-content\/uploads\/2023\/10\/Internetbanner_PIZ_Silber-1024x256.jpg 1024w, https:\/\/www.cluster-zukunft-der-pflege.de\/wp-content\/uploads\/2023\/10\/Internetbanner_PIZ_Silber-1200x300.jpg 1200w, https:\/\/www.cluster-zukunft-der-pflege.de\/wp-content\/uploads\/2023\/10\/Internetbanner_PIZ_Silber-1536x384.jpg 1536w, https:\/\/www.cluster-zukunft-der-pflege.de\/wp-content\/uploads\/2023\/10\/Internetbanner_PIZ_Silber.jpg 2126w\" sizes=\"(max-width: 2126px) 100vw, 2126px\" \/><\/div><\/div><\/div><div class=\"swiper-slide\"><div class=\"fusion-carousel-item-wrapper\"><div class=\"fusion-image-wrapper hover-type-none\"><img decoding=\"async\" width=\"2126\" height=\"531\" src=\"https:\/\/www.cluster-zukunft-der-pflege.de\/wp-content\/uploads\/2023\/10\/Internetbanner_PIZ_Bronze.jpg\" class=\"attachment-full size-full\" alt=\"\" srcset=\"https:\/\/www.cluster-zukunft-der-pflege.de\/wp-content\/uploads\/2023\/10\/Internetbanner_PIZ_Bronze-200x50.jpg 200w, https:\/\/www.cluster-zukunft-der-pflege.de\/wp-content\/uploads\/2023\/10\/Internetbanner_PIZ_Bronze-300x75.jpg 300w, https:\/\/www.cluster-zukunft-der-pflege.de\/wp-content\/uploads\/2023\/10\/Internetbanner_PIZ_Bronze-400x100.jpg 400w, https:\/\/www.cluster-zukunft-der-pflege.de\/wp-content\/uploads\/2023\/10\/Internetbanner_PIZ_Bronze-600x150.jpg 600w, https:\/\/www.cluster-zukunft-der-pflege.de\/wp-content\/uploads\/2023\/10\/Internetbanner_PIZ_Bronze-768x192.jpg 768w, https:\/\/www.cluster-zukunft-der-pflege.de\/wp-content\/uploads\/2023\/10\/Internetbanner_PIZ_Bronze-800x200.jpg 800w, https:\/\/www.cluster-zukunft-der-pflege.de\/wp-content\/uploads\/2023\/10\/Internetbanner_PIZ_Bronze-1024x256.jpg 1024w, https:\/\/www.cluster-zukunft-der-pflege.de\/wp-content\/uploads\/2023\/10\/Internetbanner_PIZ_Bronze-1200x300.jpg 1200w, https:\/\/www.cluster-zukunft-der-pflege.de\/wp-content\/uploads\/2023\/10\/Internetbanner_PIZ_Bronze-1536x384.jpg 1536w, https:\/\/www.cluster-zukunft-der-pflege.de\/wp-content\/uploads\/2023\/10\/Internetbanner_PIZ_Bronze.jpg 2126w\" sizes=\"(max-width: 2126px) 100vw, 2126px\" \/><\/div><\/div><\/div><\/div><div class=\"awb-swiper-button awb-swiper-button-prev\"><i class=\"awb-icon-angle-left\" aria-hidden=\"true\"><\/i><\/div><div class=\"awb-swiper-button awb-swiper-button-next\"><i class=\"awb-icon-angle-right\" aria-hidden=\"true\"><\/i><\/div><\/div><\/div><\/div><\/div><\/div><\/div>\n","protected":false},"excerpt":{"rendered":"","protected":false},"author":10,"featured_media":0,"parent":0,"menu_order":0,"comment_status":"closed","ping_status":"closed","template":"","meta":{"footnotes":""},"class_list":["post-2422","page","type-page","status-publish","hentry"],"_links":{"self":[{"href":"https:\/\/www.cluster-zukunft-der-pflege.de\/index.php\/wp-json\/wp\/v2\/pages\/2422","targetHints":{"allow":["GET"]}}],"collection":[{"href":"https:\/\/www.cluster-zukunft-der-pflege.de\/index.php\/wp-json\/wp\/v2\/pages"}],"about":[{"href":"https:\/\/www.cluster-zukunft-der-pflege.de\/index.php\/wp-json\/wp\/v2\/types\/page"}],"author":[{"embeddable":true,"href":"https:\/\/www.cluster-zukunft-der-pflege.de\/index.php\/wp-json\/wp\/v2\/users\/10"}],"replies":[{"embeddable":true,"href":"https:\/\/www.cluster-zukunft-der-pflege.de\/index.php\/wp-json\/wp\/v2\/comments?post=2422"}],"version-history":[{"count":6,"href":"https:\/\/www.cluster-zukunft-der-pflege.de\/index.php\/wp-json\/wp\/v2\/pages\/2422\/revisions"}],"predecessor-version":[{"id":2426,"href":"https:\/\/www.cluster-zukunft-der-pflege.de\/index.php\/wp-json\/wp\/v2\/pages\/2422\/revisions\/2426"}],"wp:attachment":[{"href":"https:\/\/www.cluster-zukunft-der-pflege.de\/index.php\/wp-json\/wp\/v2\/media?parent=2422"}],"curies":[{"name":"wp","href":"https:\/\/api.w.org\/{rel}","templated":true}]}}