{"id":2432,"date":"2023-10-09T13:13:42","date_gmt":"2023-10-09T11:13:42","guid":{"rendered":"https:\/\/www.cluster-zukunft-der-pflege.de\/?page_id=2432"},"modified":"2025-03-18T11:33:42","modified_gmt":"2025-03-18T09:33:42","slug":"clusterkonferenz2023","status":"publish","type":"page","link":"https:\/\/www.cluster-zukunft-der-pflege.de\/index.php\/clusterkonferenz2023\/","title":{"rendered":"CLUSTERKONFERENZ 2023"},"content":{"rendered":"<p><div class=\"fusion-fullwidth fullwidth-box fusion-builder-row-1 fusion-flex-container nonhundred-percent-fullwidth non-hundred-percent-height-scrolling\" style=\"--awb-border-radius-top-left:0px;--awb-border-radius-top-right:0px;--awb-border-radius-bottom-right:0px;--awb-border-radius-bottom-left:0px;--awb-flex-wrap:wrap;\" ><div class=\"fusion-builder-row fusion-row fusion-flex-align-items-flex-start fusion-flex-content-wrap\" style=\"max-width:1352px;margin-left: calc(-4% \/ 2 );margin-right: calc(-4% \/ 2 );\"><div class=\"fusion-layout-column fusion_builder_column fusion-builder-column-0 fusion_builder_column_1_1 1_1 fusion-flex-column\" style=\"--awb-bg-blend:overlay;--awb-bg-size:cover;--awb-width-large:100%;--awb-margin-top-large:0px;--awb-spacing-right-large:1.92%;--awb-margin-bottom-large:0px;--awb-spacing-left-large:1.92%;--awb-width-medium:100%;--awb-spacing-right-medium:1.92%;--awb-spacing-left-medium:1.92%;--awb-width-small:100%;--awb-spacing-right-small:1.92%;--awb-spacing-left-small:1.92%;\"><div class=\"fusion-column-wrapper fusion-flex-justify-content-flex-start fusion-content-layout-column\"><div class=\"fusion-text fusion-text-1\"><h1>6. Clusterkonferenz &#8211; Mit Pflegeinnovationen die Zukunft gestalten<\/h1>\n<\/div><\/div><\/div><\/div><\/div><div class=\"fusion-fullwidth fullwidth-box fusion-builder-row-2 fusion-flex-container nonhundred-percent-fullwidth non-hundred-percent-height-scrolling\" style=\"--awb-border-radius-top-left:0px;--awb-border-radius-top-right:0px;--awb-border-radius-bottom-right:0px;--awb-border-radius-bottom-left:0px;--awb-flex-wrap:wrap;\" ><div class=\"fusion-builder-row fusion-row fusion-flex-align-items-flex-start fusion-flex-content-wrap\" style=\"max-width:1352px;margin-left: calc(-4% \/ 2 );margin-right: calc(-4% \/ 2 );\"><div class=\"fusion-layout-column fusion_builder_column fusion-builder-column-1 fusion_builder_column_1_1 1_1 fusion-flex-column\" style=\"--awb-bg-blend:overlay;--awb-bg-size:cover;--awb-width-large:100%;--awb-margin-top-large:0px;--awb-spacing-right-large:1.92%;--awb-margin-bottom-large:0px;--awb-spacing-left-large:1.92%;--awb-width-medium:100%;--awb-spacing-right-medium:1.92%;--awb-spacing-left-medium:1.92%;--awb-width-small:100%;--awb-spacing-right-small:1.92%;--awb-spacing-left-small:1.92%;\"><div class=\"fusion-column-wrapper fusion-flex-justify-content-flex-start fusion-content-layout-column\"><div class=\"fusion-text fusion-text-2\"><div id=\"attachment_2436\" style=\"width: 426px\" class=\"wp-caption alignright\"><img decoding=\"async\" aria-describedby=\"caption-attachment-2436\" class=\"wp-image-2436\" src=\"https:\/\/www.cluster-zukunft-der-pflege.de\/wp-content\/uploads\/2023\/10\/Abb1-scaled.jpg\" alt=\"\" width=\"416\" height=\"278\" srcset=\"https:\/\/www.cluster-zukunft-der-pflege.de\/wp-content\/uploads\/2023\/10\/Abb1-200x133.jpg 200w, https:\/\/www.cluster-zukunft-der-pflege.de\/wp-content\/uploads\/2023\/10\/Abb1-300x200.jpg 300w, https:\/\/www.cluster-zukunft-der-pflege.de\/wp-content\/uploads\/2023\/10\/Abb1-400x267.jpg 400w, https:\/\/www.cluster-zukunft-der-pflege.de\/wp-content\/uploads\/2023\/10\/Abb1-600x400.jpg 600w, https:\/\/www.cluster-zukunft-der-pflege.de\/wp-content\/uploads\/2023\/10\/Abb1-768x512.jpg 768w, https:\/\/www.cluster-zukunft-der-pflege.de\/wp-content\/uploads\/2023\/10\/Abb1-800x533.jpg 800w, https:\/\/www.cluster-zukunft-der-pflege.de\/wp-content\/uploads\/2023\/10\/Abb1-1024x683.jpg 1024w, https:\/\/www.cluster-zukunft-der-pflege.de\/wp-content\/uploads\/2023\/10\/Abb1-1200x800.jpg 1200w, https:\/\/www.cluster-zukunft-der-pflege.de\/wp-content\/uploads\/2023\/10\/Abb1-1536x1024.jpg 1536w, https:\/\/www.cluster-zukunft-der-pflege.de\/wp-content\/uploads\/2023\/10\/Abb1-scaled.jpg 2560w\" sizes=\"(max-width: 416px) 100vw, 416px\" \/><p id=\"caption-attachment-2436\" class=\"wp-caption-text\">Abbildung 1 \u00ae Bild: OFFIS<\/p><\/div>\n<p>Vom 20. bis 22. September 2023 war das OFFIS unter Leitung der General Chairs Prof. Susanne Boll-Westermann und Prof. Andreas Hein Gastgeber der 6. Clusterkonferenz des vom Bundesministerium f\u00fcr Bildung und Forschung gef\u00f6rderten Clusters Zukunft der Pflege. Dieses besteht aus dem Pflegeinnovationszentrum (PIZ), angesiedelt in Oldenburg und Bremen sowie vier weiteren Pflegepraxiszentren (PPZ) in Berlin, Freiburg, Hannover und N\u00fcrnberg. Die Clusterkonferenz \u201eZukunft der Pflege\u201d bringt Akteure aus Wissenschaft und Praxis zusammen und wurde in diesem Jahr unter dem Motto \u201eMit Pfleginnovationen die Zukunft gestalten \u2013 menschlich, professionell, digital\u201c vom Pflegeinnovationszentrum ausgerichtet.<\/p>\n<p>Insgesamt wurden 45 wissenschaftliche Beitr\u00e4ge pr\u00e4sentiert, welche die neuesten Erkenntnisse und Entwicklungen im Bereich der Digitalisierung in der Pflege beleuchteten. Neben den Vortr\u00e4gen gab es 19 Posterpr\u00e4sentationen und sieben Workshops. Die Konferenz wurde durch drei inspirierende Keynote-Vortr\u00e4ge bereichert, die die Digitalisierung in der Pflege aus verschiedenen Blickwinkeln beleuchteten. Die Themen reichten von der Rolle der Pflegefachperson im Innovations\u00f6kosystem bis zur Entwicklung digitaler Kompetenzen in der Pflegebildung mit einer anschlie\u00dfenden Podiumsdiskussion, an der ca. 100 Pflege-Auszubildende teilnahmen (siehe Abbildung 1). Besonders spannend war auch der Einblick in die Welt der Geriatronik und die Anwendung von taktilen Robotern und K\u00fcnstlicher Intelligenz in der Pflege.<\/p>\n<div id=\"attachment_2435\" style=\"width: 427px\" class=\"wp-caption alignleft\"><img decoding=\"async\" aria-describedby=\"caption-attachment-2435\" class=\"wp-image-2435\" src=\"https:\/\/www.cluster-zukunft-der-pflege.de\/wp-content\/uploads\/2023\/10\/Abb2-scaled.jpg\" alt=\"\" width=\"417\" height=\"278\" srcset=\"https:\/\/www.cluster-zukunft-der-pflege.de\/wp-content\/uploads\/2023\/10\/Abb2-200x133.jpg 200w, https:\/\/www.cluster-zukunft-der-pflege.de\/wp-content\/uploads\/2023\/10\/Abb2-300x200.jpg 300w, https:\/\/www.cluster-zukunft-der-pflege.de\/wp-content\/uploads\/2023\/10\/Abb2-400x267.jpg 400w, https:\/\/www.cluster-zukunft-der-pflege.de\/wp-content\/uploads\/2023\/10\/Abb2-600x400.jpg 600w, https:\/\/www.cluster-zukunft-der-pflege.de\/wp-content\/uploads\/2023\/10\/Abb2-768x512.jpg 768w, https:\/\/www.cluster-zukunft-der-pflege.de\/wp-content\/uploads\/2023\/10\/Abb2-800x533.jpg 800w, https:\/\/www.cluster-zukunft-der-pflege.de\/wp-content\/uploads\/2023\/10\/Abb2-1024x683.jpg 1024w, https:\/\/www.cluster-zukunft-der-pflege.de\/wp-content\/uploads\/2023\/10\/Abb2-1200x800.jpg 1200w, https:\/\/www.cluster-zukunft-der-pflege.de\/wp-content\/uploads\/2023\/10\/Abb2-1536x1024.jpg 1536w, https:\/\/www.cluster-zukunft-der-pflege.de\/wp-content\/uploads\/2023\/10\/Abb2-scaled.jpg 2560w\" sizes=\"(max-width: 417px) 100vw, 417px\" \/><p id=\"caption-attachment-2435\" class=\"wp-caption-text\">Abbildung 2 \u00ae Bild: OFFIS<\/p><\/div>\n<p>Neben weiteren, spannenden Angeboten, wie beispielsweise Laborf\u00fchrungen, einer Vorstellung der Zusammenarbeit des PIZ mit dem Oldenburgischen Staatstheater, einer Poster-Pitch-Session sowie einer begleitenden Ausstellung (siehe Abbildung 2) wurde ein Innovationswettbewerb durchgef\u00fchrt. Der Innovationswettbewerb zielte darauf ab, innovative L\u00f6sungen und Ideen f\u00fcr die Pflegebranche zu f\u00f6rdern und die besten Projekte auszuzeichnen.<\/p>\n<p>Zus\u00e4tzlich wurde erstmals ein \u201eForum f\u00fcr Auszubildende und Studierende&#8220; angeboten, das speziell auf die Bed\u00fcrfnisse und Interessen dieser Zielgruppe zugeschnitten war. Die M\u00f6glichkeit, innovative Technologien kennenzulernen und auch auszuprobieren, trug zur Attraktivit\u00e4t der Veranstaltung bei. Mit ca. 340 Teilnehmer:innen war die Clusterkonferenz ein gro\u00dfer Erfolg.<\/p>\n<\/div><\/div><\/div><div class=\"fusion-layout-column fusion_builder_column fusion-builder-column-2 fusion_builder_column_1_1 1_1 fusion-flex-column\" style=\"--awb-bg-size:cover;--awb-width-large:100%;--awb-margin-top-large:0px;--awb-spacing-right-large:1.92%;--awb-margin-bottom-large:20px;--awb-spacing-left-large:1.92%;--awb-width-medium:100%;--awb-order-medium:0;--awb-spacing-right-medium:1.92%;--awb-spacing-left-medium:1.92%;--awb-width-small:100%;--awb-order-small:0;--awb-spacing-right-small:1.92%;--awb-spacing-left-small:1.92%;\"><div class=\"fusion-column-wrapper fusion-column-has-shadow fusion-flex-justify-content-flex-start fusion-content-layout-column\"><div class=\"fusion-separator fusion-full-width-sep\" style=\"align-self: center;margin-left: auto;margin-right: auto;width:100%;\"><div class=\"fusion-separator-border sep-double\" style=\"--awb-height:20px;--awb-amount:20px;border-color:#e0dede;border-top-width:1px;border-bottom-width:1px;\"><\/div><\/div><\/div><\/div><div class=\"fusion-layout-column fusion_builder_column fusion-builder-column-3 fusion_builder_column_1_1 1_1 fusion-flex-column fusion-flex-align-self-center\" style=\"--awb-padding-left:314px;--awb-padding-left-medium:0px;--awb-bg-size:cover;--awb-width-large:100%;--awb-margin-top-large:0px;--awb-spacing-right-large:1.92%;--awb-margin-bottom-large:20px;--awb-spacing-left-large:1.92%;--awb-width-medium:100%;--awb-order-medium:0;--awb-spacing-right-medium:1.92%;--awb-spacing-left-medium:1.92%;--awb-width-small:100%;--awb-order-small:0;--awb-spacing-right-small:1.92%;--awb-spacing-left-small:1.92%;\"><div class=\"fusion-column-wrapper fusion-column-has-shadow fusion-flex-justify-content-center fusion-content-layout-column\"><div class=\"fusion-video fusion-youtube\" style=\"--awb-max-width:600px;--awb-max-height:360px;\"><div class=\"video-shortcode\"><div class=\"fluid-width-video-wrapper\" style=\"padding-top:60%;\" ><iframe class=\"fusion-hidden\" data-privacy-type=\"youtube\" src=\"\" title=\"YouTube video player 1\" data-privacy-src=\"https:\/\/www.youtube.com\/embed\/9XKPUC4YIKc?wmode=transparent&autoplay=0\" width=\"600\" height=\"360\" allowfullscreen allow=\"autoplay; clipboard-write; encrypted-media; gyroscope; picture-in-picture;\"><\/iframe><div class=\"fusion-privacy-placeholder\" style=\"width:600px; height:360px;\" data-privacy-type=\"youtube\"><div class=\"fusion-privacy-placeholder-content\"><div class=\"fusion-privacy-label\">For privacy reasons YouTube needs your permission to be loaded. For more details, please see our <a class=\"privacy-policy-link\" href=\"https:\/\/www.cluster-zukunft-der-pflege.de\/index.php\/datenschutzerklaerung\/\" rel=\"privacy-policy\">DATENSCHUTZ<\/a>.<\/div><button data-privacy-type=\"youtube\" class=\"fusion-button button-default fusion-button-default-size button fusion-privacy-consent\">I Accept<\/button><\/div><\/div><\/div><\/div><\/div><\/div><\/div><\/div><\/div><\/p>\n","protected":false},"excerpt":{"rendered":"","protected":false},"author":10,"featured_media":0,"parent":0,"menu_order":0,"comment_status":"closed","ping_status":"closed","template":"","meta":{"footnotes":""},"class_list":["post-2432","page","type-page","status-publish","hentry"],"_links":{"self":[{"href":"https:\/\/www.cluster-zukunft-der-pflege.de\/index.php\/wp-json\/wp\/v2\/pages\/2432","targetHints":{"allow":["GET"]}}],"collection":[{"href":"https:\/\/www.cluster-zukunft-der-pflege.de\/index.php\/wp-json\/wp\/v2\/pages"}],"about":[{"href":"https:\/\/www.cluster-zukunft-der-pflege.de\/index.php\/wp-json\/wp\/v2\/types\/page"}],"author":[{"embeddable":true,"href":"https:\/\/www.cluster-zukunft-der-pflege.de\/index.php\/wp-json\/wp\/v2\/users\/10"}],"replies":[{"embeddable":true,"href":"https:\/\/www.cluster-zukunft-der-pflege.de\/index.php\/wp-json\/wp\/v2\/comments?post=2432"}],"version-history":[{"count":9,"href":"https:\/\/www.cluster-zukunft-der-pflege.de\/index.php\/wp-json\/wp\/v2\/pages\/2432\/revisions"}],"predecessor-version":[{"id":2939,"href":"https:\/\/www.cluster-zukunft-der-pflege.de\/index.php\/wp-json\/wp\/v2\/pages\/2432\/revisions\/2939"}],"wp:attachment":[{"href":"https:\/\/www.cluster-zukunft-der-pflege.de\/index.php\/wp-json\/wp\/v2\/media?parent=2432"}],"curies":[{"name":"wp","href":"https:\/\/api.w.org\/{rel}","templated":true}]}}