{"id":3211,"date":"2025-10-17T14:59:22","date_gmt":"2025-10-17T12:59:22","guid":{"rendered":"https:\/\/www.cluster-zukunft-der-pflege.de\/?page_id=3211"},"modified":"2025-10-17T15:09:18","modified_gmt":"2025-10-17T13:09:18","slug":"labore-experimentierraeume-und-showrooms","status":"publish","type":"page","link":"https:\/\/www.cluster-zukunft-der-pflege.de\/index.php\/labore-experimentierraeume-und-showrooms\/","title":{"rendered":"LABORE, EXPERIMENTIERR\u00c4UME UND SHOWROOMS"},"content":{"rendered":"<p><div class=\"fusion-fullwidth fullwidth-box fusion-builder-row-1 fusion-flex-container has-pattern-background has-mask-background nonhundred-percent-fullwidth non-hundred-percent-height-scrolling\" style=\"--awb-border-radius-top-left:0px;--awb-border-radius-top-right:0px;--awb-border-radius-bottom-right:0px;--awb-border-radius-bottom-left:0px;--awb-flex-wrap:wrap;\" ><div class=\"fusion-builder-row fusion-row fusion-flex-align-items-flex-start fusion-flex-content-wrap\" style=\"max-width:1352px;margin-left: calc(-4% \/ 2 );margin-right: calc(-4% \/ 2 );\"><div class=\"fusion-layout-column fusion_builder_column fusion-builder-column-0 fusion_builder_column_1_1 1_1 fusion-flex-column\" style=\"--awb-bg-size:cover;--awb-width-large:100%;--awb-margin-top-large:0px;--awb-spacing-right-large:1.92%;--awb-margin-bottom-large:20px;--awb-spacing-left-large:1.92%;--awb-width-medium:100%;--awb-order-medium:0;--awb-spacing-right-medium:1.92%;--awb-spacing-left-medium:1.92%;--awb-width-small:100%;--awb-order-small:0;--awb-spacing-right-small:1.92%;--awb-spacing-left-small:1.92%;\"><div class=\"fusion-column-wrapper fusion-column-has-shadow fusion-flex-justify-content-flex-start fusion-content-layout-column\"><div class=\"fusion-title title fusion-title-1 fusion-sep-none fusion-title-text fusion-title-size-two\" style=\"--awb-text-color:#90b728;--awb-margin-top-small:0px;--awb-margin-right-small:0px;--awb-margin-bottom-small:20px;--awb-margin-left-small:0px;\"><h2 class=\"fusion-title-heading title-heading-left fusion-responsive-typography-calculated\" style=\"margin:0;--fontSize:35;line-height:1.29;\">Labore, Experimentier\u00e4ume und Showrooms<\/h2><\/div><div class=\"fusion-video fusion-youtube\" style=\"--awb-max-width:600px;--awb-max-height:350px;--awb-align-self:center;--awb-width:100%;\"><div class=\"video-shortcode\"><div class=\"fluid-width-video-wrapper\" style=\"padding-top:58.33%;\" ><iframe class=\"fusion-hidden\" data-privacy-type=\"youtube\" src=\"\" title=\"YouTube video player 1\" data-privacy-src=\"https:\/\/www.youtube.com\/embed\/FVvM62CCkzY?wmode=transparent&autoplay=0\" width=\"600\" height=\"350\" allowfullscreen allow=\"autoplay; clipboard-write; encrypted-media; gyroscope; picture-in-picture;\"><\/iframe><div class=\"fusion-privacy-placeholder\" style=\"width:600px; height:350px;\" data-privacy-type=\"youtube\"><div class=\"fusion-privacy-placeholder-content\"><div class=\"fusion-privacy-label\">For privacy reasons YouTube needs your permission to be loaded. For more details, please see our <a class=\"privacy-policy-link\" href=\"https:\/\/www.cluster-zukunft-der-pflege.de\/index.php\/datenschutzerklaerung\/\" rel=\"privacy-policy\">DATENSCHUTZ<\/a>.<\/div><button data-privacy-type=\"youtube\" class=\"fusion-button button-default fusion-button-default-size button fusion-privacy-consent\">I Accept<\/button><\/div><\/div><\/div><\/div><\/div><\/div><\/div><\/div><\/div><div class=\"fusion-fullwidth fullwidth-box fusion-builder-row-2 fusion-flex-container has-pattern-background has-mask-background nonhundred-percent-fullwidth non-hundred-percent-height-scrolling\" style=\"--awb-border-radius-top-left:0px;--awb-border-radius-top-right:0px;--awb-border-radius-bottom-right:0px;--awb-border-radius-bottom-left:0px;--awb-flex-wrap:wrap;\" ><div class=\"fusion-builder-row fusion-row fusion-flex-align-items-flex-start fusion-flex-content-wrap\" style=\"max-width:1352px;margin-left: calc(-4% \/ 2 );margin-right: calc(-4% \/ 2 );\"><div class=\"fusion-layout-column fusion_builder_column fusion-builder-column-1 fusion_builder_column_1_3 1_3 fusion-flex-column\" style=\"--awb-bg-size:cover;--awb-width-large:33.333333333333%;--awb-margin-top-large:0px;--awb-spacing-right-large:5.76%;--awb-margin-bottom-large:20px;--awb-spacing-left-large:5.76%;--awb-width-medium:100%;--awb-order-medium:0;--awb-spacing-right-medium:1.92%;--awb-spacing-left-medium:1.92%;--awb-width-small:100%;--awb-order-small:0;--awb-spacing-right-small:1.92%;--awb-spacing-left-small:1.92%;\"><div class=\"fusion-column-wrapper fusion-column-has-shadow fusion-flex-justify-content-flex-start fusion-content-layout-column\"><div class=\"fusion-title title fusion-title-2 fusion-sep-none fusion-title-text fusion-title-size-three\" style=\"--awb-margin-top-small:0px;--awb-margin-right-small:0px;--awb-margin-bottom-small:20px;--awb-margin-left-small:0px;\"><h3 class=\"fusion-title-heading title-heading-left fusion-responsive-typography-calculated\" style=\"margin:0;--fontSize:26;line-height:1.62;\">PIZ Freiburg<\/h3><\/div><div class=\"fusion-text fusion-text-1\"><p>Im Future Care Lab des Instituts Mensch, Technik und Teilhabe der Hochschule Furtwangen \u2013 Projektpartner des Pflegepraxiszentrums Freiburg \u2013 sammeln Studierende im Rahmen ihres Studiums praktische Erfahrungen mit innovativen Konzepten f\u00fcr die Pflege. Gleichzeitig haben Besucher*innen die M\u00f6glichkeit, in F\u00fchrungen und Workshops hautnah zu erleben, wie Zukunftstechnologien erforscht, erprobt und weiterentwickelt werden.<\/p>\n<p>Das Future Care Lab ist ein interdisziplin\u00e4rer Ort f\u00fcr Forschung, Erprobung und Austausch rund um innovative Assistenzsysteme und digitale Dienstleistungen in der Pflege. Hier werden Ideen gemeinsam mit Nutzer*innen gestaltet, in realit\u00e4tsnahen Szenarien getestet und in ihrer Praxistauglichkeit \u00fcberpr\u00fcft. Durch die Verbindung von Wissenschaft, Technik und Pflegepraxis er\u00f6ffnet das Labor einen einzigartigen Raum, um Zukunftsperspektiven der Versorgung erlebbar zu machen und gemeinsam weiterzudenken.<\/p>\n<\/div><\/div><\/div><div class=\"fusion-layout-column fusion_builder_column fusion-builder-column-2 fusion_builder_column_1_3 1_3 fusion-flex-column\" style=\"--awb-bg-size:cover;--awb-width-large:33.333333333333%;--awb-margin-top-large:0px;--awb-spacing-right-large:5.76%;--awb-margin-bottom-large:20px;--awb-spacing-left-large:5.76%;--awb-width-medium:100%;--awb-order-medium:0;--awb-spacing-right-medium:1.92%;--awb-spacing-left-medium:1.92%;--awb-width-small:100%;--awb-order-small:0;--awb-spacing-right-small:1.92%;--awb-spacing-left-small:1.92%;\"><div class=\"fusion-column-wrapper fusion-column-has-shadow fusion-flex-justify-content-flex-start fusion-content-layout-column\"><div class=\"fusion-title title fusion-title-3 fusion-sep-none fusion-title-text fusion-title-size-three\" style=\"--awb-margin-top-small:0px;--awb-margin-right-small:0px;--awb-margin-bottom-small:20px;--awb-margin-left-small:0px;\"><h3 class=\"fusion-title-heading title-heading-left fusion-responsive-typography-calculated\" style=\"margin:0;--fontSize:26;line-height:1.62;\">PPZ N\u00fcrnberg<\/h3><\/div><div class=\"fusion-text fusion-text-2\"><p>Pflegeeinrichtungen, Bildungsinstitutionen, professionell und informell Pflegende sowie die interessierte \u00d6ffentlichkeit haben im PPZ N\u00fcrnberg die Chance, digitale Innovationen und technische Neuheiten hautnah zu erleben \u2013 sicher und fachkundig begleitet. Im Experimentierraum werden Technologien nicht nur vorgestellt, sondern in interaktiven Workshops kritisch hinterfragt. Das SkillsLab erm\u00f6glicht das routinierte \u00dcben seltener und herausfordernder Pflegehandlungen zur Erh\u00f6hung der Sicherheit im Alltag. Erleben Sie Technikdemonstrationen mit direkter Nutzererfahrung sowie Best-Practices und spannende Fallbeispiele aus der Pflegepraxis.<\/p>\n<p>Weitere Informationen erhalten Sie auf der <span style=\"color: #50ade5;\"><a style=\"color: #50ade5;\" href=\"https:\/\/ppz-nuernberg.de\/\">Homepage des PPZ N\u00fcrnberg<\/a><\/span>.<\/p>\n<\/div><\/div><\/div><div class=\"fusion-layout-column fusion_builder_column fusion-builder-column-3 fusion_builder_column_1_3 1_3 fusion-flex-column\" style=\"--awb-bg-size:cover;--awb-width-large:33.333333333333%;--awb-margin-top-large:0px;--awb-spacing-right-large:5.76%;--awb-margin-bottom-large:20px;--awb-spacing-left-large:5.76%;--awb-width-medium:100%;--awb-order-medium:0;--awb-spacing-right-medium:1.92%;--awb-spacing-left-medium:1.92%;--awb-width-small:100%;--awb-order-small:0;--awb-spacing-right-small:1.92%;--awb-spacing-left-small:1.92%;\"><div class=\"fusion-column-wrapper fusion-column-has-shadow fusion-flex-justify-content-flex-start fusion-content-layout-column\"><div class=\"fusion-title title fusion-title-4 fusion-sep-none fusion-title-text fusion-title-size-three\" style=\"--awb-margin-top-small:0px;--awb-margin-right-small:0px;--awb-margin-bottom-small:20px;--awb-margin-left-small:0px;\"><h3 class=\"fusion-title-heading title-heading-left fusion-responsive-typography-calculated\" style=\"margin:0;--fontSize:26;line-height:1.62;\">PIZ Hannover<\/h3><\/div><div class=\"fusion-text fusion-text-3\"><p>Wer sich f\u00fcr die Zukunft der Pflege interessiert und erleben will, wie modernes, pflegerisches Handeln gestaltet wird, ist im Experimentierraum des Pflegepraxiszentrums (PPZ) Hannover genau richtig!<br \/>\nTesten, anfassen, fragen, verstehen: Hier dreht sich alles um technologische Innovationen, die den Pflegealltag nachhaltig ver\u00e4ndern und verbessern k\u00f6nnen.<br \/>\nProdukte von etablierten Herstellern und Start-ups werden im Experimentierraum vorgestellt und durch anschauliche Demonstrationen und praxisnahe \u00dcbungen erlebbar gemacht \u2013 zum Kennenlernen, Ausprobieren und Weiterdenken.<br \/>\nBeruflich, wissenschaftlich oder praktisch \u00a0Interessierte sind herzlich eingeladen, sich von den vielf\u00e4ltigen Einblicken und Ausblicken in die pflegerische Zukunft begeistern und inspirieren zu lassen.<\/p>\n<p>Buchen Sie Ihren Besuchstermin auf der <a href=\"https:\/\/ppz-hannover.de\/experimentierraum-technologien-zum-anfassen\/\"><span style=\"color: #50ade5;\">Homepage des PPZ Hannover<\/span><\/a>.<\/p>\n<\/div><\/div><\/div><div class=\"fusion-layout-column fusion_builder_column fusion-builder-column-4 fusion_builder_column_1_6 1_6 fusion-flex-column\" style=\"--awb-bg-size:cover;--awb-width-large:16.666666666667%;--awb-margin-top-large:0px;--awb-spacing-right-large:11.52%;--awb-margin-bottom-large:20px;--awb-spacing-left-large:11.52%;--awb-width-medium:100%;--awb-order-medium:0;--awb-spacing-right-medium:1.92%;--awb-spacing-left-medium:1.92%;--awb-width-small:100%;--awb-order-small:0;--awb-spacing-right-small:1.92%;--awb-spacing-left-small:1.92%;\"><div class=\"fusion-column-wrapper fusion-column-has-shadow fusion-flex-justify-content-flex-start fusion-content-layout-column\"><\/div><\/div><div class=\"fusion-layout-column fusion_builder_column fusion-builder-column-5 fusion_builder_column_1_3 1_3 fusion-flex-column\" style=\"--awb-bg-size:cover;--awb-width-large:33.333333333333%;--awb-margin-top-large:0px;--awb-spacing-right-large:5.76%;--awb-margin-bottom-large:20px;--awb-spacing-left-large:5.76%;--awb-width-medium:100%;--awb-order-medium:0;--awb-spacing-right-medium:1.92%;--awb-spacing-left-medium:1.92%;--awb-width-small:100%;--awb-order-small:0;--awb-spacing-right-small:1.92%;--awb-spacing-left-small:1.92%;\"><div class=\"fusion-column-wrapper fusion-column-has-shadow fusion-flex-justify-content-flex-start fusion-content-layout-column\"><div class=\"fusion-title title fusion-title-5 fusion-sep-none fusion-title-text fusion-title-size-three\" style=\"--awb-margin-top-small:0px;--awb-margin-right-small:0px;--awb-margin-bottom-small:20px;--awb-margin-left-small:0px;\"><h3 class=\"fusion-title-heading title-heading-left fusion-responsive-typography-calculated\" style=\"margin:0;--fontSize:26;line-height:1.62;\">PPZ Berlin<\/h3><\/div><div class=\"fusion-text fusion-text-4\"><p>Das Reallabor des PPZ Berlin entsteht\u00a0schrittweise als hybrider Raum aus Showroom und Simulation. Hier lassen sich innovative Technologien\u00a0von Robotik bis telebasierte Versorgung ausprobieren, praxisnahe Szenarien simulieren und Reflexionsr\u00e4ume\u00a0nutzen. Gemeinsam\u00a0entwickeln wir neue\u00a0L\u00f6sungen f\u00fcr die Gesundheitsversorgung. Eingeladen sind internationale Zielgruppen aus allen Bereichen \u2013 von Gesundheitsfachberufen \u00fcber Studierende und Lehrende bis hin zu\u00a0Verantwortlichen im Management, Pflegebed\u00fcrftigen sowie ihren An- und Zugeh\u00f6rigen. Ob in F\u00fchrungen, Workshops oder Veranstaltungen \u2013 das Reallabor macht die Zukunft der Pflege- und Gesundheitsversorgung erlebbar und er\u00f6ffnet neue Perspektiven f\u00fcr eine vernetzte Versorgung.<\/p>\n<\/div><\/div><\/div><div class=\"fusion-layout-column fusion_builder_column fusion-builder-column-6 fusion_builder_column_1_3 1_3 fusion-flex-column\" style=\"--awb-bg-size:cover;--awb-width-large:33.333333333333%;--awb-margin-top-large:0px;--awb-spacing-right-large:5.76%;--awb-margin-bottom-large:20px;--awb-spacing-left-large:5.76%;--awb-width-medium:100%;--awb-order-medium:0;--awb-spacing-right-medium:1.92%;--awb-spacing-left-medium:1.92%;--awb-width-small:100%;--awb-order-small:0;--awb-spacing-right-small:1.92%;--awb-spacing-left-small:1.92%;\"><div class=\"fusion-column-wrapper fusion-column-has-shadow fusion-flex-justify-content-flex-start fusion-content-layout-column\"><div class=\"fusion-title title fusion-title-6 fusion-sep-none fusion-title-text fusion-title-size-three\" style=\"--awb-margin-top-small:0px;--awb-margin-right-small:0px;--awb-margin-bottom-small:20px;--awb-margin-left-small:0px;\"><h3 class=\"fusion-title-heading title-heading-left fusion-responsive-typography-calculated\" style=\"margin:0;--fontSize:26;line-height:1.62;\">PIZ<\/h3><\/div><div class=\"fusion-text fusion-text-5\"><p>Die Reallabore des PIZ bieten ein hervorragendes Umfeld f\u00fcr Nutzerstudien. Die Prototypen erm\u00f6glichen ein intensives Ausprobieren und schaffen so eine enge Zusammenarbeit zwischen Senioren, Medizinern und Pflegern auf der einen und den Entwicklern und Technikern auf der anderen Seite. Die IDEAAL-Wohnung ist eine vollfunktionsf\u00e4hige Wohnung und das Labor f\u00fcr die h\u00e4usliche Pflege. Das Pflegeheimlabor CARL ist der typischen Einrichtung eines Pflegezimmers in einem Pflegeheim nachempfunden. Das Intensivpflegelabor LIFE simuliert ein typisches Einbettzimmer einer Intensivstation mit den dort spezifischen Gegebenheiten. Die Pflegedienstzentrale ist ein Kompromiss aus Dienstzimmer und dem B\u00fcro des ambulanten Pflegedienstes. Das MiRaCle-Labor bietet ein vollst\u00e4ndig ausger\u00fcstetes Labor f\u00fcr Forschung in den Bereichen der augmentierten (erweiterten, AR) und virtuellen Realit\u00e4t (VR).<\/p>\n<p>Neugirig? Weitere Informationen und der Kontakt f\u00fcr F\u00fchrungen auf der <span style=\"color: #50ade5;\"><a style=\"color: #50ade5;\" href=\"https:\/\/www.pflegeinnovationszentrum.de\/simulationslabore\/\">Hompage des PIZ<\/a><\/span>.<\/p>\n<\/div><\/div><\/div><div class=\"fusion-layout-column fusion_builder_column fusion-builder-column-7 fusion_builder_column_1_6 1_6 fusion-flex-column\" style=\"--awb-bg-size:cover;--awb-width-large:16.666666666667%;--awb-margin-top-large:0px;--awb-spacing-right-large:11.52%;--awb-margin-bottom-large:20px;--awb-spacing-left-large:11.52%;--awb-width-medium:100%;--awb-order-medium:0;--awb-spacing-right-medium:1.92%;--awb-spacing-left-medium:1.92%;--awb-width-small:100%;--awb-order-small:0;--awb-spacing-right-small:1.92%;--awb-spacing-left-small:1.92%;\"><div class=\"fusion-column-wrapper fusion-column-has-shadow fusion-flex-justify-content-flex-start fusion-content-layout-column\"><\/div><\/div><\/div><\/div><\/p>\n","protected":false},"excerpt":{"rendered":"","protected":false},"author":11,"featured_media":0,"parent":0,"menu_order":0,"comment_status":"closed","ping_status":"closed","template":"","meta":{"footnotes":""},"class_list":["post-3211","page","type-page","status-publish","hentry"],"_links":{"self":[{"href":"https:\/\/www.cluster-zukunft-der-pflege.de\/index.php\/wp-json\/wp\/v2\/pages\/3211","targetHints":{"allow":["GET"]}}],"collection":[{"href":"https:\/\/www.cluster-zukunft-der-pflege.de\/index.php\/wp-json\/wp\/v2\/pages"}],"about":[{"href":"https:\/\/www.cluster-zukunft-der-pflege.de\/index.php\/wp-json\/wp\/v2\/types\/page"}],"author":[{"embeddable":true,"href":"https:\/\/www.cluster-zukunft-der-pflege.de\/index.php\/wp-json\/wp\/v2\/users\/11"}],"replies":[{"embeddable":true,"href":"https:\/\/www.cluster-zukunft-der-pflege.de\/index.php\/wp-json\/wp\/v2\/comments?post=3211"}],"version-history":[{"count":17,"href":"https:\/\/www.cluster-zukunft-der-pflege.de\/index.php\/wp-json\/wp\/v2\/pages\/3211\/revisions"}],"predecessor-version":[{"id":3287,"href":"https:\/\/www.cluster-zukunft-der-pflege.de\/index.php\/wp-json\/wp\/v2\/pages\/3211\/revisions\/3287"}],"wp:attachment":[{"href":"https:\/\/www.cluster-zukunft-der-pflege.de\/index.php\/wp-json\/wp\/v2\/media?parent=3211"}],"curies":[{"name":"wp","href":"https:\/\/api.w.org\/{rel}","templated":true}]}}