{"id":3372,"date":"2026-02-12T16:19:26","date_gmt":"2026-02-12T14:19:26","guid":{"rendered":"https:\/\/www.cluster-zukunft-der-pflege.de\/?page_id=3372"},"modified":"2026-02-12T16:19:26","modified_gmt":"2026-02-12T14:19:26","slug":"innovationswettbewerb-2026","status":"publish","type":"page","link":"https:\/\/www.cluster-zukunft-der-pflege.de\/index.php\/innovationswettbewerb-2026\/","title":{"rendered":"Innovationswettbewerb 2026"},"content":{"rendered":"<div class=\"fusion-fullwidth fullwidth-box fusion-builder-row-1 fusion-flex-container nonhundred-percent-fullwidth non-hundred-percent-height-scrolling\" style=\"--awb-border-radius-top-left:0px;--awb-border-radius-top-right:0px;--awb-border-radius-bottom-right:0px;--awb-border-radius-bottom-left:0px;--awb-flex-wrap:wrap;\" ><div class=\"fusion-builder-row fusion-row fusion-flex-align-items-flex-start fusion-flex-content-wrap\" style=\"max-width:1352px;margin-left: calc(-4% \/ 2 );margin-right: calc(-4% \/ 2 );\"><div class=\"fusion-layout-column fusion_builder_column fusion-builder-column-0 fusion_builder_column_1_1 1_1 fusion-flex-column\" style=\"--awb-bg-blend:overlay;--awb-bg-size:cover;--awb-width-large:100%;--awb-margin-top-large:0px;--awb-spacing-right-large:1.92%;--awb-margin-bottom-large:0px;--awb-spacing-left-large:1.92%;--awb-width-medium:100%;--awb-spacing-right-medium:1.92%;--awb-spacing-left-medium:1.92%;--awb-width-small:100%;--awb-spacing-right-small:1.92%;--awb-spacing-left-small:1.92%;\"><div class=\"fusion-column-wrapper fusion-flex-justify-content-flex-start fusion-content-layout-column\"><div class=\"fusion-text fusion-text-1\"><h1>Innovationswettbewerb &#8211; 8. Konferenz<\/h1>\n<p>Der Innovationswettbewerb der 8. Konferenz \u201eZukunft der Pflege\u201c bietet f\u00fcnf ausgew\u00e4hlten innovativen L\u00f6sungen eine zentrale B\u00fchne und r\u00fcckt zukunftsweisende Ans\u00e4tze f\u00fcr die pflegerische Versorgung in den Fokus. Ziel ist es, Innovationen sichtbar zu machen, ihre Praxisrelevanz zu reflektieren und den Austausch zwischen Praxis, Wissenschaft und Entwicklung zu f\u00f6rdern.<br \/>\nDas Innovationsverst\u00e4ndnis umfasst technologische Entwicklungen ebenso wie digitale Anwendungen, neue Organisationsmodelle oder innovative Dienstleistungskonzepte, die konkrete Herausforderungen im ambulanten oder station\u00e4ren Pflegealltag adressieren. F\u00fcr den diesj\u00e4hrigen Wettbewerb wurden f\u00fcnf Beitr\u00e4ge ausgew\u00e4hlt. Sie pr\u00e4sentieren ihre Ans\u00e4tze in einem f\u00fcnfmin\u00fctigen Pitch vor einer f\u00fcnfk\u00f6pfigen Jury sowie dem Publikum.<br \/>\nDer Innovationswettbewerb dient zugleich als Forum f\u00fcr Transfer und Vernetzung. Er f\u00f6rdert den interdisziplin\u00e4ren Austausch und unterst\u00fctzt die Weiterentwicklung praxisnaher Innovationen in der Pflege.<\/p>\n<\/div><\/div><\/div><\/div><\/div>\n","protected":false},"excerpt":{"rendered":"","protected":false},"author":11,"featured_media":0,"parent":0,"menu_order":0,"comment_status":"closed","ping_status":"closed","template":"","meta":{"footnotes":""},"class_list":["post-3372","page","type-page","status-publish","hentry"],"_links":{"self":[{"href":"https:\/\/www.cluster-zukunft-der-pflege.de\/index.php\/wp-json\/wp\/v2\/pages\/3372","targetHints":{"allow":["GET"]}}],"collection":[{"href":"https:\/\/www.cluster-zukunft-der-pflege.de\/index.php\/wp-json\/wp\/v2\/pages"}],"about":[{"href":"https:\/\/www.cluster-zukunft-der-pflege.de\/index.php\/wp-json\/wp\/v2\/types\/page"}],"author":[{"embeddable":true,"href":"https:\/\/www.cluster-zukunft-der-pflege.de\/index.php\/wp-json\/wp\/v2\/users\/11"}],"replies":[{"embeddable":true,"href":"https:\/\/www.cluster-zukunft-der-pflege.de\/index.php\/wp-json\/wp\/v2\/comments?post=3372"}],"version-history":[{"count":1,"href":"https:\/\/www.cluster-zukunft-der-pflege.de\/index.php\/wp-json\/wp\/v2\/pages\/3372\/revisions"}],"predecessor-version":[{"id":3373,"href":"https:\/\/www.cluster-zukunft-der-pflege.de\/index.php\/wp-json\/wp\/v2\/pages\/3372\/revisions\/3373"}],"wp:attachment":[{"href":"https:\/\/www.cluster-zukunft-der-pflege.de\/index.php\/wp-json\/wp\/v2\/media?parent=3372"}],"curies":[{"name":"wp","href":"https:\/\/api.w.org\/{rel}","templated":true}]}}