{"id":3376,"date":"2026-02-17T15:57:20","date_gmt":"2026-02-17T13:57:20","guid":{"rendered":"https:\/\/www.cluster-zukunft-der-pflege.de\/?page_id=3376"},"modified":"2026-03-11T17:15:28","modified_gmt":"2026-03-11T15:15:28","slug":"pro-care","status":"publish","type":"page","link":"https:\/\/www.cluster-zukunft-der-pflege.de\/index.php\/pro-care\/","title":{"rendered":"Pro Care"},"content":{"rendered":"<p><div class=\"fusion-fullwidth fullwidth-box fusion-builder-row-1 fusion-flex-container has-pattern-background has-mask-background nonhundred-percent-fullwidth non-hundred-percent-height-scrolling\" style=\"--awb-border-radius-top-left:0px;--awb-border-radius-top-right:0px;--awb-border-radius-bottom-right:0px;--awb-border-radius-bottom-left:0px;--awb-flex-wrap:wrap;\" ><div class=\"fusion-builder-row fusion-row fusion-flex-align-items-flex-start fusion-flex-content-wrap\" style=\"max-width:1352px;margin-left: calc(-4% \/ 2 );margin-right: calc(-4% \/ 2 );\"><div class=\"fusion-layout-column fusion_builder_column fusion-builder-column-0 fusion_builder_column_1_1 1_1 fusion-flex-column\" style=\"--awb-bg-size:cover;--awb-width-large:100%;--awb-margin-top-large:0px;--awb-spacing-right-large:1.92%;--awb-margin-bottom-large:20px;--awb-spacing-left-large:1.92%;--awb-width-medium:100%;--awb-order-medium:0;--awb-spacing-right-medium:1.92%;--awb-spacing-left-medium:1.92%;--awb-width-small:100%;--awb-order-small:0;--awb-spacing-right-small:1.92%;--awb-spacing-left-small:1.92%;\"><div class=\"fusion-column-wrapper fusion-column-has-shadow fusion-flex-justify-content-flex-start fusion-content-layout-column\"><div class=\"fusion-title title fusion-title-1 fusion-sep-none fusion-title-text fusion-title-size-two\" style=\"--awb-text-color:#90b727;--awb-margin-top:20px;--awb-margin-top-small:0px;--awb-margin-right-small:0px;--awb-margin-bottom-small:20px;--awb-margin-left-small:0px;\"><h2 class=\"fusion-title-heading title-heading-left fusion-responsive-typography-calculated\" style=\"margin:0;--fontSize:35;line-height:1.29;\"><strong>Innovation im Dialog: Das Cluster Zukunft der Pflege auf der Pro Care 2026<\/strong><\/h2><\/div><\/div><\/div><\/div><\/div><div class=\"fusion-fullwidth fullwidth-box fusion-builder-row-2 fusion-flex-container nonhundred-percent-fullwidth non-hundred-percent-height-scrolling\" style=\"--awb-border-radius-top-left:0px;--awb-border-radius-top-right:0px;--awb-border-radius-bottom-right:0px;--awb-border-radius-bottom-left:0px;--awb-flex-wrap:wrap;\" ><div class=\"fusion-builder-row fusion-row fusion-flex-align-items-flex-start fusion-flex-content-wrap\" style=\"max-width:1352px;margin-left: calc(-4% \/ 2 );margin-right: calc(-4% \/ 2 );\"><div class=\"fusion-layout-column fusion_builder_column fusion-builder-column-1 fusion_builder_column_4_5 4_5 fusion-flex-column\" style=\"--awb-bg-blend:overlay;--awb-bg-size:cover;--awb-width-large:80%;--awb-margin-top-large:0px;--awb-spacing-right-large:3.84%;--awb-margin-bottom-large:0px;--awb-spacing-left-large:2.4%;--awb-width-medium:100%;--awb-spacing-right-medium:1.92%;--awb-spacing-left-medium:1.92%;--awb-width-small:100%;--awb-spacing-right-small:1.92%;--awb-spacing-left-small:1.92%;\"><div class=\"fusion-column-wrapper fusion-flex-justify-content-flex-start fusion-content-layout-column\"><div class=\"fusion-text fusion-text-1\"><p>Mit 6.600 Besucherinnen und Besucher (+20 %) und rund 250 ausstellenden Unternehmen (+30 %) hat die Pro Care 2026 in Hannover ihre Rolle als zentrale Plattform f\u00fcr die Pflegebranche weiter gefestigt. Die vollst\u00e4ndig ausgebuchte Messe zeigte eindrucksvoll, wie stark digitale und KI-gest\u00fctzte L\u00f6sungen inzwischen die Pflegepraxis pr\u00e4gen.<\/p>\n<p>Als Cluster Zukunft der Pflege waren das Pflegepraxiszentrum Hannover gemeinsam mit dem PPZ Freiburg, dem PPZ Berlin und dem Pflegeinnovationszentrum (PIZ) in Oldenburg auf einem 105 m\u00b2 gro\u00dfen Stand vertreten. Die Resonanz war durchgehend hoch: Pflegefachpersonen, Auszubildende und weitere Interessierte nutzten die Gelegenheit zum intensiven Austausch, informierten sich \u00fcber praxistaugliche Innovationen und probierten die vorgestellten Technologien direkt vor Ort aus<\/p>\n<p>Ein besonderer Anziehungspunkt war der humanoide Roboter AMECA, pr\u00e4sentiert vom PIZ in Oldenburg. Dar\u00fcber hinaus stie\u00dfen u.a. eine digitale Zahnkamera, die Aerosol-unterst\u00fctzte Kaltplasmatechnologie zur schonenden Hand- und Wunddesinfektion, hybride Antidekubitus-Matratze, Virtual-Reality-Anwendungen und ein Exoskelett zur Reduktion k\u00f6rperlicher Belastungen Pflegender auf gro\u00dfes Interesse. Besucherinnen und Besucher unseres Standes diskutierten engagiert \u00fcber M\u00f6glichkeiten und Herausforderungen der Einf\u00fchrung technologischer Innovationen in die Pflegepraxis, wobei insbesondere Fragen der Akzeptanz und Praxistauglichkeit im Mittelpunkt standen<\/p>\n<p>Auch politisch fand der Stand Beachtung. Herr Dr. Andreas Philippi, nieders\u00e4chsischer Minister f\u00fcr Soziales, Arbeit, Gesundheit und Gleichstellung, informierte sich vor Ort \u00fcber das Forschungsprojekt \u201eCluster Zukunft der Pflege\u201c und die vorgestellten Technologien. Im Gespr\u00e4ch mit dem Team des \u201eCluster Zukunft der Pflege\u201c entwickelte sich ein reger Austausch \u00fcber die Potenziale technologischer Innovationen f\u00fcr die zuk\u00fcnftige Versorgungspraxis. Sat.1 berichtete im Regionalfernsehen Niedersachsen \u00fcber die ProCare und zeigte unter anderem Eindr\u00fccke vom Besuch Dr. Philippis an unserem Stand.<\/p>\n<p>Neben den technologischen Demonstrationen standen vor allem inhaltliche Fragen im Mittelpunkt: Wie viel Wissenschaft braucht Pflege? Und wie gelingt es, pflegewissenschaftliche Erkenntnisse nachhaltig in die pflegerische Versorgung zu \u00fcbertragen? In Workshops und Gespr\u00e4chen wurde deutlich, dass wissenschaftliche Fundierung als essenziell angesehen wird \u2013 entscheidend ist jedoch ihre praxisnahe Entwicklung und die verst\u00e4ndliche Vermittlung.<\/p>\n<p>F\u00fcr das Cluster Zukunft der Pflege war die Pro Care 2026 damit vor allem eines: ein Ort des Dialogs und des Transfers. Die Vielzahl an Gespr\u00e4chen, Impulsen und neuen Kontakten zeigte eindrucksvoll, wie bedeutend der direkte Austausch ist, um Innovationen gemeinsam weiterzuentwickeln und die Pflegepraxis nachhaltig zukunftsf\u00e4hig zu gestalten.<\/p>\n<p>Brit Rebentisch-Krummhaar<\/p>\n<\/div><\/div><\/div><div class=\"fusion-layout-column fusion_builder_column fusion-builder-column-2 fusion_builder_column_1_5 1_5 fusion-flex-column\" style=\"--awb-bg-size:cover;--awb-width-large:20%;--awb-margin-top-large:0px;--awb-spacing-right-large:9.6%;--awb-margin-bottom-large:20px;--awb-spacing-left-large:3.84%;--awb-width-medium:100%;--awb-order-medium:0;--awb-spacing-right-medium:1.92%;--awb-spacing-left-medium:1.92%;--awb-width-small:100%;--awb-order-small:0;--awb-spacing-right-small:1.92%;--awb-spacing-left-small:1.92%;\"><div class=\"fusion-column-wrapper fusion-column-has-shadow fusion-flex-justify-content-flex-start fusion-content-layout-column\"><div class=\"fusion-text fusion-text-2 fusion-animated\" data-animationType=\"slideInRight\" data-animationDuration=\"0.3\" data-animationOffset=\"top-into-view\"><p><strong><a href=\"https:\/\/www.sat1regional.de\/pflegemesse-pro-care-zahlreiche-technische-innovationen-in-hannover-praesentiert\/\">SAT 1. Beitrag zur Pro Care mit Interview aus dem Cluster<\/a><\/strong><\/p>\n<\/div><\/div><\/div><\/div><\/div><\/p>\n","protected":false},"excerpt":{"rendered":"","protected":false},"author":11,"featured_media":0,"parent":0,"menu_order":0,"comment_status":"closed","ping_status":"closed","template":"","meta":{"footnotes":""},"class_list":["post-3376","page","type-page","status-publish","hentry"],"_links":{"self":[{"href":"https:\/\/www.cluster-zukunft-der-pflege.de\/index.php\/wp-json\/wp\/v2\/pages\/3376","targetHints":{"allow":["GET"]}}],"collection":[{"href":"https:\/\/www.cluster-zukunft-der-pflege.de\/index.php\/wp-json\/wp\/v2\/pages"}],"about":[{"href":"https:\/\/www.cluster-zukunft-der-pflege.de\/index.php\/wp-json\/wp\/v2\/types\/page"}],"author":[{"embeddable":true,"href":"https:\/\/www.cluster-zukunft-der-pflege.de\/index.php\/wp-json\/wp\/v2\/users\/11"}],"replies":[{"embeddable":true,"href":"https:\/\/www.cluster-zukunft-der-pflege.de\/index.php\/wp-json\/wp\/v2\/comments?post=3376"}],"version-history":[{"count":4,"href":"https:\/\/www.cluster-zukunft-der-pflege.de\/index.php\/wp-json\/wp\/v2\/pages\/3376\/revisions"}],"predecessor-version":[{"id":3433,"href":"https:\/\/www.cluster-zukunft-der-pflege.de\/index.php\/wp-json\/wp\/v2\/pages\/3376\/revisions\/3433"}],"wp:attachment":[{"href":"https:\/\/www.cluster-zukunft-der-pflege.de\/index.php\/wp-json\/wp\/v2\/media?parent=3376"}],"curies":[{"name":"wp","href":"https:\/\/api.w.org\/{rel}","templated":true}]}}