{"id":40,"date":"2015-06-01T11:51:59","date_gmt":"2015-06-01T11:51:59","guid":{"rendered":"http:\/\/www.cluster-zukunft-der-pflege.de\/?page_id=40"},"modified":"2026-03-11T16:55:35","modified_gmt":"2026-03-11T14:55:35","slug":"home","status":"publish","type":"page","link":"https:\/\/www.cluster-zukunft-der-pflege.de\/","title":{"rendered":"STARTSEITE"},"content":{"rendered":"<p><div class=\"fusion-fullwidth fullwidth-box fusion-builder-row-1 has-pattern-background has-mask-background nonhundred-percent-fullwidth non-hundred-percent-height-scrolling\" style=\"--awb-border-radius-top-left:0px;--awb-border-radius-top-right:0px;--awb-border-radius-bottom-right:0px;--awb-border-radius-bottom-left:0px;--awb-margin-bottom:-20px;--awb-background-color:#ffffff;--awb-flex-wrap:wrap;\" ><div class=\"fusion-builder-row fusion-row\"><div class=\"fusion-layout-column fusion_builder_column fusion-builder-column-0 fusion_builder_column_1_1 1_1 fusion-one-full fusion-column-first fusion-column-last\" style=\"--awb-bg-size:cover;\"><div class=\"fusion-column-wrapper fusion-column-has-shadow fusion-flex-column-wrapper-legacy\"><div class=\"fusion-title title fusion-title-1 fusion-title-center fusion-title-text fusion-title-size-three\" style=\"--awb-text-color:#50ade5;--awb-margin-top-small:0px;--awb-margin-right-small:0px;--awb-margin-bottom-small:20px;--awb-margin-left-small:0px;--awb-sep-color:#50ade5;\"><div class=\"title-sep-container title-sep-container-left\"><div class=\"title-sep sep-double sep-solid\" style=\"border-color:#50ade5;\"><\/div><\/div><span class=\"awb-title-spacer\"><\/span><h3 class=\"fusion-title-heading title-heading-center fusion-responsive-typography-calculated\" style=\"margin:0;--fontSize:26;line-height:1.62;\"><h3 style=\"text-align: center;\"><strong>SAVE THE DATE<\/strong><br \/>\n<strong>9. Konferenz \u201eZukunft der Pflege\u201c<\/strong><br \/>\n<strong>13. und 14.04.2027<\/strong><br \/>\n<strong>Hannover<\/strong><\/h3><\/h3><span class=\"awb-title-spacer\"><\/span><div class=\"title-sep-container title-sep-container-right\"><div class=\"title-sep sep-double sep-solid\" style=\"border-color:#50ade5;\"><\/div><\/div><\/div><div class=\"fusion-clearfix\"><\/div><\/div><\/div><div class=\"fusion-layout-column fusion_builder_column fusion-builder-column-1 fusion_builder_column_1_1 1_1 fusion-one-full fusion-column-first fusion-column-last\" style=\"--awb-bg-blend:overlay;--awb-bg-size:cover;\"><div class=\"fusion-column-wrapper fusion-column-has-shadow fusion-flex-column-wrapper-legacy\"><div class=\"fusion-sep-clear\"><\/div><div class=\"fusion-separator fusion-full-width-sep\" style=\"margin-left: auto;margin-right: auto;margin-top:20px;width:100%;\"><\/div><div class=\"fusion-sep-clear\"><\/div><div class=\"fusion-clearfix\"><\/div><\/div><\/div><\/div><\/div><div class=\"fusion-fullwidth fullwidth-box fusion-builder-row-2 nonhundred-percent-fullwidth non-hundred-percent-height-scrolling\" style=\"--awb-border-radius-top-left:0px;--awb-border-radius-top-right:0px;--awb-border-radius-bottom-right:0px;--awb-border-radius-bottom-left:0px;--awb-margin-bottom:-20px;--awb-background-color:#ffffff;--awb-flex-wrap:wrap;\" ><div class=\"fusion-builder-row fusion-row\"><div class=\"fusion-layout-column fusion_builder_column fusion-builder-column-2 fusion_builder_column_1_2 1_2 fusion-one-half fusion-column-first\" style=\"--awb-bg-blend:overlay;--awb-bg-size:cover;width:50%;width:calc(50% - ( ( 4% ) * 0.5 ) );margin-right: 4%;\"><div class=\"fusion-column-wrapper fusion-column-has-shadow fusion-flex-column-wrapper-legacy\"><div class=\"fusion-image-element fusion-image-align-center in-legacy-container\" style=\"text-align:center;--awb-caption-title-font-family:var(--h2_typography-font-family);--awb-caption-title-font-weight:var(--h2_typography-font-weight);--awb-caption-title-font-style:var(--h2_typography-font-style);--awb-caption-title-size:var(--h2_typography-font-size);--awb-caption-title-transform:var(--h2_typography-text-transform);--awb-caption-title-line-height:var(--h2_typography-line-height);--awb-caption-title-letter-spacing:var(--h2_typography-letter-spacing);\"><div class=\"imageframe-align-center\"><span class=\" fusion-imageframe imageframe-none imageframe-1 hover-type-none fusion-animated\" data-animationType=\"fadeInUp\" data-animationDuration=\"1.0\" data-animationOffset=\"top-into-view\"><img decoding=\"async\" width=\"800\" height=\"762\" title=\"Cluster_Ueberblick\" src=\"https:\/\/www.cluster-zukunft-der-pflege.de\/wp-content\/uploads\/2019\/09\/Cluster_Uebersicht-800x762.png\" alt class=\"img-responsive wp-image-1664\" srcset=\"https:\/\/www.cluster-zukunft-der-pflege.de\/wp-content\/uploads\/2019\/09\/Cluster_Uebersicht-200x190.png 200w, https:\/\/www.cluster-zukunft-der-pflege.de\/wp-content\/uploads\/2019\/09\/Cluster_Uebersicht-400x381.png 400w, https:\/\/www.cluster-zukunft-der-pflege.de\/wp-content\/uploads\/2019\/09\/Cluster_Uebersicht-600x571.png 600w, https:\/\/www.cluster-zukunft-der-pflege.de\/wp-content\/uploads\/2019\/09\/Cluster_Uebersicht-800x762.png 800w, https:\/\/www.cluster-zukunft-der-pflege.de\/wp-content\/uploads\/2019\/09\/Cluster_Uebersicht.png 984w\" sizes=\"(max-width: 800px) 100vw, 800px\" \/><\/span><\/div><\/div><div class=\"fusion-clearfix\"><\/div><\/div><\/div><div class=\"fusion-layout-column fusion_builder_column fusion-builder-column-3 fusion_builder_column_1_2 1_2 fusion-one-half fusion-column-last\" style=\"--awb-bg-blend:overlay;--awb-bg-size:cover;width:50%;width:calc(50% - ( ( 4% ) * 0.5 ) );\"><div class=\"fusion-column-wrapper fusion-column-has-shadow fusion-flex-column-wrapper-legacy\"><div class=\"fusion-image-element fusion-image-align-center in-legacy-container\" style=\"text-align:center;--awb-caption-title-font-family:var(--h2_typography-font-family);--awb-caption-title-font-weight:var(--h2_typography-font-weight);--awb-caption-title-font-style:var(--h2_typography-font-style);--awb-caption-title-size:var(--h2_typography-font-size);--awb-caption-title-transform:var(--h2_typography-text-transform);--awb-caption-title-line-height:var(--h2_typography-line-height);--awb-caption-title-letter-spacing:var(--h2_typography-letter-spacing);\"><div class=\"imageframe-align-center\"><span class=\" fusion-imageframe imageframe-none imageframe-2 hover-type-none fusion-animated\" data-animationType=\"fadeInUp\" data-animationDuration=\"1.0\" data-animationOffset=\"top-into-view\"><img decoding=\"async\" width=\"600\" height=\"501\" title=\"Clusterkarte\" src=\"https:\/\/www.cluster-zukunft-der-pflege.de\/wp-content\/uploads\/2019\/04\/2019-01-MTI_dt_Pflegetag_Karte-600x501.jpg\" alt class=\"img-responsive wp-image-1405\" srcset=\"https:\/\/www.cluster-zukunft-der-pflege.de\/wp-content\/uploads\/2019\/04\/2019-01-MTI_dt_Pflegetag_Karte-200x167.jpg 200w, https:\/\/www.cluster-zukunft-der-pflege.de\/wp-content\/uploads\/2019\/04\/2019-01-MTI_dt_Pflegetag_Karte-400x334.jpg 400w, https:\/\/www.cluster-zukunft-der-pflege.de\/wp-content\/uploads\/2019\/04\/2019-01-MTI_dt_Pflegetag_Karte-600x501.jpg 600w, https:\/\/www.cluster-zukunft-der-pflege.de\/wp-content\/uploads\/2019\/04\/2019-01-MTI_dt_Pflegetag_Karte-800x669.jpg 800w, https:\/\/www.cluster-zukunft-der-pflege.de\/wp-content\/uploads\/2019\/04\/2019-01-MTI_dt_Pflegetag_Karte-1200x1003.jpg 1200w, https:\/\/www.cluster-zukunft-der-pflege.de\/wp-content\/uploads\/2019\/04\/2019-01-MTI_dt_Pflegetag_Karte.jpg 1381w\" sizes=\"(max-width: 800px) 100vw, 800px\" \/><\/span><\/div><\/div><div class=\"fusion-clearfix\"><\/div><\/div><\/div><div class=\"fusion-layout-column fusion_builder_column fusion-builder-column-4 fusion_builder_column_1_1 1_1 fusion-one-full fusion-column-first fusion-column-last\" style=\"--awb-bg-blend:overlay;--awb-bg-size:cover;\"><div class=\"fusion-column-wrapper fusion-column-has-shadow fusion-flex-column-wrapper-legacy\"><div class=\"fusion-clearfix\"><\/div><\/div><\/div><\/div><\/div><div class=\"fusion-fullwidth fullwidth-box fusion-builder-row-3 nonhundred-percent-fullwidth non-hundred-percent-height-scrolling\" style=\"--awb-background-position:left top;--awb-border-sizes-top:0px;--awb-border-sizes-bottom:0px;--awb-border-sizes-left:0px;--awb-border-sizes-right:0px;--awb-border-radius-top-left:0px;--awb-border-radius-top-right:0px;--awb-border-radius-bottom-right:0px;--awb-border-radius-bottom-left:0px;--awb-padding-top:10px;--awb-padding-right:15%;--awb-padding-bottom:45px;--awb-padding-left:15%;--awb-background-color:#ffffff;--awb-flex-wrap:wrap;\" ><div class=\"fusion-builder-row fusion-row\"><div class=\"fusion-layout-column fusion_builder_column fusion-builder-column-5 fusion_builder_column_1_1 1_1 fusion-one-full fusion-column-first fusion-column-last fusion-column-no-min-height\" style=\"--awb-bg-blend:overlay;--awb-bg-size:cover;--awb-margin-bottom:0px;\"><div class=\"fusion-column-wrapper fusion-flex-column-wrapper-legacy\"><div class=\"fusion-text fusion-text-1\" style=\"--awb-margin-top:25px;\"><h2>Cluster \u201eZukunft der Pflege\u201c<\/h2>\n<p>Die Sicherstellung der pflegerischen Versorgung von Menschen ist eine der gr\u00f6\u00dften Herausforderungen f\u00fcr unsere Gesellschaft. T\u00e4glich sind mehrere Millionen Menschen in Deutschland auf Pflege angewiesen. Und die Zahl der Pflegebed\u00fcrftigen wird weiter steigen. Damit kommen neue Herausforderungen auf Krankenh\u00e4user und Reha-Einrichtungen, station\u00e4re und ambulante Versorgungseinrichtungen sowie die Pflege in der eigenen H\u00e4uslichkeit zu. So kann auch die Intensiv- und Palliativpflege unterst\u00fctzt und gest\u00e4rkt werden.<\/p>\n<p>Das Bundesministerium f\u00fcr Forschung, Technologie und Raumfahrt (BMFTR) unterst\u00fctzt die Entwicklung und Erforschung technologischer Innovationen in diesem Bereich. Im Rahmen des Forschungsclusters \u201eZukunft der Pflege&#8220; werden soziale und technologische Innovationen in der Pflege zusammengebracht: Forschung, Wirtschaft und Pflegepraxis arbeiten gemeinsam mit Nutzenden an neuen L\u00f6sungen, die den Pflegealltag in Deutschland erleichtern und verbessern sollen.<\/p>\n<p>Als erster Baustein des Clusters nahm im Juni 2017 ein bisher in Deutschland einmaliges Pflegeinnovationszentrum (PIZ) seine Arbeit auf. Hier erforschen Ingenieurinnen und Ingenieure gemeinsam mit Pflegewissenschaftlerinnen und Pflegewissenschaftlern innovative Technologien. Seit Anfang 2018 gibt es die Pflegepraxiszentren (PPZ) in Freiburg, N\u00fcrnberg, Berlin und Hannover, in denen neue Pflegetechnologien im pflegerischen Alltag erprobt werden. Die vier Zentren \u00fcberpr\u00fcfen die Praxistauglichkeit unterschiedlicher Technologien in klinischen, station\u00e4ren und ambulanten Versorgungsbereichen. Die PPZ vermitteln ihr Know-how auch in die Aus- und Weiterbildung und sichern damit die Innovationskraft der Branche.<\/p>\n<p>Mitte des Jahres 2024 erfolgte eine Weiterentwicklung: Das \u201eCluster Zukunft der Pflege\u201c wurde zum \u201eCluster Zukunft der Pflege 2.0\u201c. Hiermit werden zentrale Aufgaben des Clusters, die bislang in der Entwicklung und Praxiserprobung neuer Technologien lagen, erweitert um die Verbreitung solcher Technologien in verschiedenste Versorgungsfelder. Als gemeinsamer Transfer- und Innovationshub sollen die gewonnenen Erkenntnisse dabei einem breiten Publikum zug\u00e4nglich gemacht und externe Impulse aufgegriffen werden \u2013 denn noch immer kommen viele der entwickelten Technologien nicht in der Pflegepraxis an. Hierzu bieten wir z. B. die j\u00e4hrlich stattfindende Konferenz \u201eZukunft der Pflege\u201c und weitere interaktive Austauschformate an. Damit soll die digitale Transformation in der Pflege weiter vorangetrieben werden.<\/p>\n<p>Im Zuge der Weiterentwicklung zum Cluster \u201eZukunft der Pflege 2.0\u201c suchen wir verschiedene Praxiseinrichtungen, die Interesse an einer engen Kooperation mit uns haben und innovative, technische Produkte in ihren Einrichtungen wissenschaftlich begleitet einf\u00fchren und nutzen m\u00f6chten. Sollten Sie Interesse haben, k\u00f6nnen Sie uns <a href=\"https:\/\/www.cluster-zukunft-der-pflege.de\/index.php\/praxispartner\/\">hier<\/a> Ihre Kontaktdaten zusenden.<\/p>\n<\/div><div class=\"fusion-clearfix\"><\/div><\/div><\/div><\/div><\/div><div class=\"fusion-fullwidth fullwidth-box fusion-builder-row-4 fusion-flex-container has-pattern-background has-mask-background nonhundred-percent-fullwidth non-hundred-percent-height-scrolling\" style=\"--awb-border-radius-top-left:0px;--awb-border-radius-top-right:0px;--awb-border-radius-bottom-right:0px;--awb-border-radius-bottom-left:0px;--awb-flex-wrap:wrap;\" ><div class=\"fusion-builder-row fusion-row fusion-flex-align-items-flex-start fusion-flex-content-wrap\" style=\"max-width:1352px;margin-left: calc(-4% \/ 2 );margin-right: calc(-4% \/ 2 );\"><div class=\"fusion-layout-column fusion_builder_column fusion-builder-column-6 fusion_builder_column_1_1 1_1 fusion-flex-column\" style=\"--awb-bg-size:cover;--awb-width-large:100%;--awb-margin-top-large:0px;--awb-spacing-right-large:1.92%;--awb-margin-bottom-large:20px;--awb-spacing-left-large:1.92%;--awb-width-medium:100%;--awb-order-medium:0;--awb-spacing-right-medium:1.92%;--awb-spacing-left-medium:1.92%;--awb-width-small:100%;--awb-order-small:0;--awb-spacing-right-small:1.92%;--awb-spacing-left-small:1.92%;\"><div class=\"fusion-column-wrapper fusion-column-has-shadow fusion-flex-justify-content-flex-start fusion-content-layout-column\"><div class=\"fusion-video fusion-youtube\" style=\"--awb-max-width:900px;--awb-max-height:506px;--awb-align-self:center;--awb-width:100%;\"><div class=\"video-shortcode\"><div class=\"fluid-width-video-wrapper\" style=\"padding-top:56.22%;\" ><iframe class=\"fusion-hidden\" data-privacy-type=\"youtube\" src=\"\" title=\"YouTube video player 1\" data-privacy-src=\"https:\/\/www.youtube.com\/embed\/nUgyRR1AXao?wmode=transparent&autoplay=0\" width=\"900\" height=\"506\" allowfullscreen allow=\"autoplay; clipboard-write; encrypted-media; gyroscope; picture-in-picture;\"><\/iframe><div class=\"fusion-privacy-placeholder\" style=\"width:900px; height:506px;\" data-privacy-type=\"youtube\"><div class=\"fusion-privacy-placeholder-content\"><div class=\"fusion-privacy-label\">For privacy reasons YouTube needs your permission to be loaded. For more details, please see our <a class=\"privacy-policy-link\" href=\"https:\/\/www.cluster-zukunft-der-pflege.de\/index.php\/datenschutzerklaerung\/\" rel=\"privacy-policy\">DATENSCHUTZ<\/a>.<\/div><button data-privacy-type=\"youtube\" class=\"fusion-button button-default fusion-button-default-size button fusion-privacy-consent\">I Accept<\/button><\/div><\/div><\/div><\/div><\/div><div class=\"fusion-text fusion-text-2\"><p style=\"text-align: left;\">\u00a0\u00a0\u00a0\u00a0\u00a0\u00a0\u00a0\u00a0\u00a0\u00a0\u00a0\u00a0\u00a0\u00a0\u00a0\u00a0\u00a0\u00a0\u00a0\u00a0\u00a0\u00a0\u00a0\u00a0\u00a0\u00a0\u00a0\u00a0\u00a0\u00a0\u00a0\u00a0\u00a0\u00a0 \u00a0 \u00a0 \u00a0\u00a0 \u00a0\u00a0\u00a0\u00a0\u00a0\u00a0\u00a0\u00a0 \u00a9 BMBF<\/p>\n<\/div><\/div><\/div><\/div><\/div><div class=\"fusion-fullwidth fullwidth-box fusion-builder-row-5 nonhundred-percent-fullwidth non-hundred-percent-height-scrolling\" style=\"--awb-background-position:left top;--awb-border-sizes-top:0px;--awb-border-sizes-bottom:0px;--awb-border-sizes-left:0px;--awb-border-sizes-right:0px;--awb-border-radius-top-left:0px;--awb-border-radius-top-right:0px;--awb-border-radius-bottom-right:0px;--awb-border-radius-bottom-left:0px;--awb-padding-top:10px;--awb-padding-right:15%;--awb-padding-bottom:45px;--awb-padding-left:15%;--awb-background-color:#ffffff;--awb-flex-wrap:wrap;\" ><div class=\"fusion-builder-row fusion-row\"><div class=\"fusion-layout-column fusion_builder_column fusion-builder-column-7 fusion_builder_column_1_1 1_1 fusion-one-full fusion-column-first fusion-column-last\" style=\"--awb-bg-size:cover;\"><div class=\"fusion-column-wrapper fusion-column-has-shadow fusion-flex-column-wrapper-legacy\"><div class=\"fusion-text fusion-text-3\"><h3 style=\"text-align: center;\"><span style=\"color: #000000;\">Veranstaltungen<\/span><\/h3>\n<\/div><div class=\"fusion-events-shortcode fusion-events-shortcode-1\" style=\"margin-left: -20px;margin-right: -20px;\"><div class=\"fusion-events-wrapper\" data-pages=\"1\"><div class=\"fusion-events-post fusion-spacing-no fusion-one-fourth fusion-layout-column\" style=\"padding:20px\"><div class=\"fusion-column-wrapper\"><div class=\"fusion-events-thumbnail hover-type-none\"><a href=\"https:\/\/www.cluster-zukunft-der-pflege.de\/index.php\/event\/9-konferenz-zukunft-der-pflege\/\" class=\"url\" rel=\"bookmark\" aria-label=\"9. Konferenz &#8222;Zukunft der Pflege&#8220;\"><img decoding=\"async\" width=\"602\" height=\"602\" src=\"https:\/\/www.cluster-zukunft-der-pflege.de\/wp-content\/uploads\/2025\/10\/Logo_Cluster-Zukunft-der-Pflege_RGB_M_neu.png\" class=\"attachment-full size-full wp-post-image\" alt=\"\" srcset=\"https:\/\/www.cluster-zukunft-der-pflege.de\/wp-content\/uploads\/2025\/10\/Logo_Cluster-Zukunft-der-Pflege_RGB_M_neu-200x200.png 200w, https:\/\/www.cluster-zukunft-der-pflege.de\/wp-content\/uploads\/2025\/10\/Logo_Cluster-Zukunft-der-Pflege_RGB_M_neu-400x400.png 400w, https:\/\/www.cluster-zukunft-der-pflege.de\/wp-content\/uploads\/2025\/10\/Logo_Cluster-Zukunft-der-Pflege_RGB_M_neu-600x600.png 600w, https:\/\/www.cluster-zukunft-der-pflege.de\/wp-content\/uploads\/2025\/10\/Logo_Cluster-Zukunft-der-Pflege_RGB_M_neu.png 602w\" sizes=\"(min-width: 2200px) 100vw, (min-width: 915px) 295px, (min-width: 824px) 393px, (min-width: 732px) 590px, (min-width: 640px) 732px, \" \/><\/a><\/div><div class=\"fusion-events-content-wrapper\" style=\"padding:20px 20px 20px 20px;\"><div class=\"fusion-events-meta\"><h2><a href=\"https:\/\/www.cluster-zukunft-der-pflege.de\/index.php\/event\/9-konferenz-zukunft-der-pflege\/\" class=\"url\" rel=\"bookmark\">9. Konferenz &#8222;Zukunft der Pflege&#8220;<\/a><\/h2><h4><span class=\"tribe-event-date-start\">13 Apr. 2027<\/span> - <span class=\"tribe-event-date-end\">14 Apr. 2027<\/span><\/h4><\/div><\/div><\/div><\/div><div class=\"fusion-clearfix\"><\/div><\/div><\/div><div class=\"fusion-clearfix\"><\/div><\/div><\/div><\/div><\/div><div class=\"fusion-fullwidth fullwidth-box fusion-builder-row-6 nonhundred-percent-fullwidth non-hundred-percent-height-scrolling\" style=\"--awb-background-position:left top;--awb-border-sizes-top:0px;--awb-border-sizes-bottom:0px;--awb-border-sizes-left:0px;--awb-border-sizes-right:0px;--awb-border-radius-top-left:0px;--awb-border-radius-top-right:0px;--awb-border-radius-bottom-right:0px;--awb-border-radius-bottom-left:0px;--awb-padding-top:45px;--awb-padding-right:15%;--awb-padding-bottom:45px;--awb-padding-left:15%;--awb-background-color:#50ade5;--awb-flex-wrap:wrap;\" ><div class=\"fusion-builder-row fusion-row\"><div class=\"fusion-layout-column fusion_builder_column fusion-builder-column-8 fusion_builder_column_1_1 1_1 fusion-one-full fusion-column-first fusion-column-last fusion-column-no-min-height\" style=\"--awb-bg-blend:overlay;--awb-bg-size:cover;--awb-margin-bottom:0px;\"><div class=\"fusion-column-wrapper fusion-flex-column-wrapper-legacy\"><div class=\"fusion-text fusion-text-4\"><h3 style=\"text-align: center;\"><span style=\"color: #ffffff;\">Sie haben eine Frage oder wollen n\u00e4here Informationen zu einem bestimmten Thema?<\/span><\/h3>\n<\/div><div class=\"fusion-sep-clear\"><\/div><div class=\"fusion-separator fusion-full-width-sep\" style=\"margin-left: auto;margin-right: auto;margin-top:5px;margin-bottom:5px;width:100%;\"><\/div><div class=\"fusion-sep-clear\"><\/div><div class=\"fusion-aligncenter\"><a class=\"fusion-button button-flat button-xlarge button-custom fusion-button-default button-1 fusion-button-span-no button-action\" style=\"--button_accent_color:#ffffff;--button_accent_hover_color:#3e7ccc;--button_border_hover_color:#3e7ccc;--button_border_width-top:2px;--button_border_width-right:2px;--button_border_width-bottom:2px;--button_border_width-left:2px;--button_gradient_top_color:rgba(255,255,255,0);--button_gradient_bottom_color:rgba(255,255,255,0);--button_gradient_top_color_hover:#ffffff;--button_gradient_bottom_color_hover:#ffffff;\" target=\"_self\" href=\"https:\/\/www.cluster-zukunft-der-pflege.de\/index.php\/kontakt\/\"><span class=\"fusion-button-text awb-button__text awb-button__text--default\">KONTAKTIEREN SIE UNS<\/span><\/a><\/div><div class=\"fusion-clearfix\"><\/div><\/div><\/div><\/div><\/div><\/p>\n","protected":false},"excerpt":{"rendered":"","protected":false},"author":3,"featured_media":0,"parent":0,"menu_order":0,"comment_status":"closed","ping_status":"closed","template":"","meta":{"footnotes":""},"class_list":["post-40","page","type-page","status-publish","hentry"],"_links":{"self":[{"href":"https:\/\/www.cluster-zukunft-der-pflege.de\/index.php\/wp-json\/wp\/v2\/pages\/40","targetHints":{"allow":["GET"]}}],"collection":[{"href":"https:\/\/www.cluster-zukunft-der-pflege.de\/index.php\/wp-json\/wp\/v2\/pages"}],"about":[{"href":"https:\/\/www.cluster-zukunft-der-pflege.de\/index.php\/wp-json\/wp\/v2\/types\/page"}],"author":[{"embeddable":true,"href":"https:\/\/www.cluster-zukunft-der-pflege.de\/index.php\/wp-json\/wp\/v2\/users\/3"}],"replies":[{"embeddable":true,"href":"https:\/\/www.cluster-zukunft-der-pflege.de\/index.php\/wp-json\/wp\/v2\/comments?post=40"}],"version-history":[{"count":156,"href":"https:\/\/www.cluster-zukunft-der-pflege.de\/index.php\/wp-json\/wp\/v2\/pages\/40\/revisions"}],"predecessor-version":[{"id":3427,"href":"https:\/\/www.cluster-zukunft-der-pflege.de\/index.php\/wp-json\/wp\/v2\/pages\/40\/revisions\/3427"}],"wp:attachment":[{"href":"https:\/\/www.cluster-zukunft-der-pflege.de\/index.php\/wp-json\/wp\/v2\/media?parent=40"}],"curies":[{"name":"wp","href":"https:\/\/api.w.org\/{rel}","templated":true}]}}